{"id":1143,"date":"2022-04-06T11:05:18","date_gmt":"2022-04-06T11:05:18","guid":{"rendered":"https:\/\/entrimo.des2.net\/puntos-de-interese-paisaxistico\/"},"modified":"2023-09-22T11:30:39","modified_gmt":"2023-09-22T11:30:39","slug":"puntos-de-interese-paisaxistico","status":"publish","type":"page","link":"https:\/\/www.concelloentrimo.es\/gl\/puntos-de-interese-paisaxistico\/","title":{"rendered":"Puntos de interese paisax\u00edstico"},"content":{"rendered":"\t\t<div data-elementor-type=\"wp-page\" data-elementor-id=\"1143\" class=\"elementor elementor-1143\" data-elementor-post-type=\"page\">\n\t\t\t\t\t\t\t\t\t<section class=\"elementor-section elementor-top-section elementor-element elementor-element-16fb8f7 elementor-section-full_width elementor-section-height-min-height elementor-section-height-default elementor-section-items-middle\" data-id=\"16fb8f7\" data-element_type=\"section\" data-settings=\"{&quot;background_background&quot;:&quot;classic&quot;}\">\n\t\t\t\t\t\t\t<div class=\"elementor-background-overlay\"><\/div>\n\t\t\t\t\t\t\t<div class=\"elementor-container elementor-column-gap-default\">\n\t\t\t\t\t<div class=\"elementor-column elementor-col-100 elementor-top-column elementor-element elementor-element-3971e869\" data-id=\"3971e869\" data-element_type=\"column\">\n\t\t\t<div class=\"elementor-widget-wrap elementor-element-populated\">\n\t\t\t\t\t\t\t\t<section class=\"elementor-section elementor-inner-section elementor-element elementor-element-1b77b641 elementor-section-boxed elementor-section-height-default elementor-section-height-default\" data-id=\"1b77b641\" data-element_type=\"section\">\n\t\t\t\t\t\t<div class=\"elementor-container elementor-column-gap-default\">\n\t\t\t\t\t<div class=\"elementor-column elementor-col-100 elementor-inner-column elementor-element elementor-element-7715e0b7\" data-id=\"7715e0b7\" data-element_type=\"column\">\n\t\t\t<div class=\"elementor-widget-wrap elementor-element-populated\">\n\t\t\t\t\t\t\t\t<div class=\"elementor-element elementor-element-730b70b0 elementor-widget elementor-widget-heading\" data-id=\"730b70b0\" data-element_type=\"widget\" data-widget_type=\"heading.default\">\n\t\t\t\t<div class=\"elementor-widget-container\">\n\t\t\t<style>\/*! elementor - v3.15.0 - 20-08-2023 *\/\n.elementor-heading-title{padding:0;margin:0;line-height:1}.elementor-widget-heading .elementor-heading-title[class*=elementor-size-]>a{color:inherit;font-size:inherit;line-height:inherit}.elementor-widget-heading .elementor-heading-title.elementor-size-small{font-size:15px}.elementor-widget-heading .elementor-heading-title.elementor-size-medium{font-size:19px}.elementor-widget-heading .elementor-heading-title.elementor-size-large{font-size:29px}.elementor-widget-heading .elementor-heading-title.elementor-size-xl{font-size:39px}.elementor-widget-heading .elementor-heading-title.elementor-size-xxl{font-size:59px}<\/style><h1 class=\"elementor-heading-title elementor-size-default\">Puntos de interese paisax\u00edstico<\/h1>\t\t<\/div>\n\t\t\t\t<\/div>\n\t\t\t\t\t<\/div>\n\t\t<\/div>\n\t\t\t\t\t\t\t<\/div>\n\t\t<\/section>\n\t\t\t\t\t<\/div>\n\t\t<\/div>\n\t\t\t\t\t\t\t<\/div>\n\t\t<\/section>\n\t\t\t\t<section class=\"elementor-section elementor-top-section elementor-element elementor-element-94642dc elementor-reverse-mobile elementor-section-boxed elementor-section-height-default elementor-section-height-default\" data-id=\"94642dc\" data-element_type=\"section\">\n\t\t\t\t\t\t<div class=\"elementor-container elementor-column-gap-default\">\n\t\t\t\t\t<div class=\"elementor-column elementor-col-50 elementor-top-column elementor-element elementor-element-c286818\" data-id=\"c286818\" data-element_type=\"column\">\n\t\t\t<div class=\"elementor-widget-wrap elementor-element-populated\">\n\t\t\t\t\t\t\t\t<div class=\"elementor-element elementor-element-261b6c4 elementor-widget elementor-widget-image\" data-id=\"261b6c4\" data-element_type=\"widget\" data-widget_type=\"image.default\">\n\t\t\t\t<div class=\"elementor-widget-container\">\n\t\t\t<style>\/*! elementor - v3.15.0 - 20-08-2023 *\/\n.elementor-widget-image{text-align:center}.elementor-widget-image a{display:inline-block}.elementor-widget-image a img[src$=\".svg\"]{width:48px}.elementor-widget-image img{vertical-align:middle;display:inline-block}<\/style>\t\t\t\t\t\t\t\t\t\t\t\t<img decoding=\"async\" loading=\"lazy\" width=\"1213\" height=\"753\" src=\"https:\/\/www.concelloentrimo.es\/wp-content\/uploads\/2022\/12\/PantanoOlelas-1-1-min.png\" class=\"attachment-full size-full wp-image-620\" alt=\"\" srcset=\"https:\/\/www.concelloentrimo.es\/wp-content\/uploads\/2022\/12\/PantanoOlelas-1-1-min.png 1213w, https:\/\/www.concelloentrimo.es\/wp-content\/uploads\/2022\/12\/PantanoOlelas-1-1-min-300x186.png 300w, https:\/\/www.concelloentrimo.es\/wp-content\/uploads\/2022\/12\/PantanoOlelas-1-1-min-1024x636.png 1024w, https:\/\/www.concelloentrimo.es\/wp-content\/uploads\/2022\/12\/PantanoOlelas-1-1-min-768x477.png 768w\" sizes=\"(max-width: 1213px) 100vw, 1213px\" \/>\t\t\t\t\t\t\t\t\t\t\t\t\t\t\t<\/div>\n\t\t\t\t<\/div>\n\t\t\t\t\t<\/div>\n\t\t<\/div>\n\t\t\t\t<div class=\"elementor-column elementor-col-50 elementor-top-column elementor-element elementor-element-9fd2c59\" data-id=\"9fd2c59\" data-element_type=\"column\">\n\t\t\t<div class=\"elementor-widget-wrap elementor-element-populated\">\n\t\t\t\t\t\t\t\t<div class=\"elementor-element elementor-element-e0edb5f elementor-widget elementor-widget-heading\" data-id=\"e0edb5f\" data-element_type=\"widget\" data-widget_type=\"heading.default\">\n\t\t\t\t<div class=\"elementor-widget-container\">\n\t\t\t<h2 class=\"elementor-heading-title elementor-size-default\">Pantano de Olelas<\/h2>\t\t<\/div>\n\t\t\t\t<\/div>\n\t\t\t\t<div class=\"elementor-element elementor-element-f8bbbd8 elementor-widget elementor-widget-text-editor\" data-id=\"f8bbbd8\" data-element_type=\"widget\" data-widget_type=\"text-editor.default\">\n\t\t\t\t<div class=\"elementor-widget-container\">\n\t\t\t<style>\/*! elementor - v3.15.0 - 20-08-2023 *\/\n.elementor-widget-text-editor.elementor-drop-cap-view-stacked .elementor-drop-cap{background-color:#69727d;color:#fff}.elementor-widget-text-editor.elementor-drop-cap-view-framed .elementor-drop-cap{color:#69727d;border:3px solid;background-color:transparent}.elementor-widget-text-editor:not(.elementor-drop-cap-view-default) .elementor-drop-cap{margin-top:8px}.elementor-widget-text-editor:not(.elementor-drop-cap-view-default) .elementor-drop-cap-letter{width:1em;height:1em}.elementor-widget-text-editor .elementor-drop-cap{float:left;text-align:center;line-height:1;font-size:50px}.elementor-widget-text-editor .elementor-drop-cap-letter{display:inline-block}<\/style>\t\t\t\t<p>O <strong>pantano de Olelas<\/strong> e os picos escarpados de fondo da <strong>serra do Quinxo<\/strong> forman unha das fotos m\u00e1is belas do <strong>Parque Natural do Xur\u00e9s.<\/strong><\/p><p>\u00a0<\/p><p>A presa do pantano foi constru\u00edda a principios do s.XX para\u00a0 abastecer de auga de regad\u00edo \u00f3 lugar de Olelas.<\/p><p>\u00a0<\/p><p>Para chegar desde A Terrach\u00e1n, (capitalidade do Concello de Entrimo), \u00e9 necesario tomar a estrada OU-1209, direcci\u00f3n ao lugar de Olelas. \u00c9 unha v\u00eda estreita e con bastantes curvas. A\u00ednda as\u00ed, paga a pena achegarse ata esta contorna e gozar da espectacular paisaxe, onde, ademais, \u00e9 moi frecuente ver vacas cachenas (raza aut\u00f3ctona de Entrimo), singulares polo seu pequeno tama\u00f1o e a s\u00faa gran cornamenta.<\/p>\t\t\t\t\t\t<\/div>\n\t\t\t\t<\/div>\n\t\t\t\t\t<\/div>\n\t\t<\/div>\n\t\t\t\t\t\t\t<\/div>\n\t\t<\/section>\n\t\t\t\t<section class=\"elementor-section elementor-top-section elementor-element elementor-element-d213978 elementor-section-boxed elementor-section-height-default elementor-section-height-default\" data-id=\"d213978\" data-element_type=\"section\" data-settings=\"{&quot;background_background&quot;:&quot;classic&quot;}\">\n\t\t\t\t\t\t<div class=\"elementor-container elementor-column-gap-default\">\n\t\t\t\t\t<div class=\"elementor-column elementor-col-50 elementor-top-column elementor-element elementor-element-4d074b0\" data-id=\"4d074b0\" data-element_type=\"column\">\n\t\t\t<div class=\"elementor-widget-wrap elementor-element-populated\">\n\t\t\t\t\t\t\t\t<div class=\"elementor-element elementor-element-dc5d749 elementor-widget elementor-widget-heading\" data-id=\"dc5d749\" data-element_type=\"widget\" data-widget_type=\"heading.default\">\n\t\t\t\t<div class=\"elementor-widget-container\">\n\t\t\t<h2 class=\"elementor-heading-title elementor-size-default\">Castelo da Pica<\/h2>\t\t<\/div>\n\t\t\t\t<\/div>\n\t\t\t\t<div class=\"elementor-element elementor-element-aaa9d02 elementor-widget elementor-widget-text-editor\" data-id=\"aaa9d02\" data-element_type=\"widget\" data-widget_type=\"text-editor.default\">\n\t\t\t\t<div class=\"elementor-widget-container\">\n\t\t\t\t\t\t\t<p>Nos<strong> montes do Quinxo<\/strong>, na contorna denominada <strong>Castelo da Pica<\/strong>, at\u00f3pase este monumento natural que desaf\u00eda \u00e1 gravidade.<\/p><p>\u00a0<\/p><p>Estas formaci\u00f3ns co\u00f1\u00e9cense tam\u00e9n como <strong>pedras cabaleiras<\/strong>. Tr\u00e1tase dun amontoamento en vertical, duns nove metros de altura, de pedras gran\u00edticas, con certo aire de inestabilidade, esculpidas polo vento e a auga.<\/p><p><br \/>Desde este miradoiro natural, o visitante pode gozar dunhas vistas espectaculares da <strong>Serra do Xur\u00e9s e o Val do Limia<\/strong>.<\/p><p><br \/>Para acceder ao lugar o m\u00e1is f\u00e1cil \u00e9 tomar a estrada OU-1209 direcci\u00f3n Olelas, chegar ata a aldea da Illa e, despois dunha granxa abandonada nos arredores, tomar, a uns 700 metros, a pista de terra a man dereita, onde estar\u00e1 indicado o roteiro ata A Pica. Desde aqu\u00ed \u00e9 mellor ir andando uns 2,5 km.<\/p>\t\t\t\t\t\t<\/div>\n\t\t\t\t<\/div>\n\t\t\t\t\t<\/div>\n\t\t<\/div>\n\t\t\t\t<div class=\"elementor-column elementor-col-50 elementor-top-column elementor-element elementor-element-719abd0\" data-id=\"719abd0\" data-element_type=\"column\">\n\t\t\t<div class=\"elementor-widget-wrap elementor-element-populated\">\n\t\t\t\t\t\t\t\t<div class=\"elementor-element elementor-element-1d43359 elementor-widget elementor-widget-image\" data-id=\"1d43359\" data-element_type=\"widget\" data-widget_type=\"image.default\">\n\t\t\t\t<div class=\"elementor-widget-container\">\n\t\t\t\t\t\t\t\t\t\t\t\t\t\t\t<img decoding=\"async\" loading=\"lazy\" width=\"1224\" height=\"1714\" src=\"https:\/\/www.concelloentrimo.es\/wp-content\/uploads\/2022\/12\/image2.jpg\" class=\"attachment-full size-full wp-image-625\" alt=\"\" srcset=\"https:\/\/www.concelloentrimo.es\/wp-content\/uploads\/2022\/12\/image2.jpg 1224w, https:\/\/www.concelloentrimo.es\/wp-content\/uploads\/2022\/12\/image2-214x300.jpg 214w, https:\/\/www.concelloentrimo.es\/wp-content\/uploads\/2022\/12\/image2-731x1024.jpg 731w, https:\/\/www.concelloentrimo.es\/wp-content\/uploads\/2022\/12\/image2-768x1075.jpg 768w, https:\/\/www.concelloentrimo.es\/wp-content\/uploads\/2022\/12\/image2-1097x1536.jpg 1097w\" sizes=\"(max-width: 1224px) 100vw, 1224px\" \/>\t\t\t\t\t\t\t\t\t\t\t\t\t\t\t<\/div>\n\t\t\t\t<\/div>\n\t\t\t\t\t<\/div>\n\t\t<\/div>\n\t\t\t\t\t\t\t<\/div>\n\t\t<\/section>\n\t\t\t\t<section class=\"elementor-section elementor-top-section elementor-element elementor-element-946780c elementor-reverse-mobile elementor-section-boxed elementor-section-height-default elementor-section-height-default\" data-id=\"946780c\" data-element_type=\"section\">\n\t\t\t\t\t\t<div class=\"elementor-container elementor-column-gap-default\">\n\t\t\t\t\t<div class=\"elementor-column elementor-col-50 elementor-top-column elementor-element elementor-element-cbf2332\" data-id=\"cbf2332\" data-element_type=\"column\">\n\t\t\t<div class=\"elementor-widget-wrap elementor-element-populated\">\n\t\t\t\t\t\t\t\t<div class=\"elementor-element elementor-element-97bdc27 elementor-widget elementor-widget-image\" data-id=\"97bdc27\" data-element_type=\"widget\" data-widget_type=\"image.default\">\n\t\t\t\t<div class=\"elementor-widget-container\">\n\t\t\t\t\t\t\t\t\t\t\t\t\t\t\t<img decoding=\"async\" loading=\"lazy\" width=\"1999\" height=\"1500\" src=\"https:\/\/www.concelloentrimo.es\/wp-content\/uploads\/2022\/12\/image3.jpg\" class=\"attachment-full size-full wp-image-626\" alt=\"\" srcset=\"https:\/\/www.concelloentrimo.es\/wp-content\/uploads\/2022\/12\/image3.jpg 1999w, https:\/\/www.concelloentrimo.es\/wp-content\/uploads\/2022\/12\/image3-300x225.jpg 300w, https:\/\/www.concelloentrimo.es\/wp-content\/uploads\/2022\/12\/image3-1024x768.jpg 1024w, https:\/\/www.concelloentrimo.es\/wp-content\/uploads\/2022\/12\/image3-768x576.jpg 768w, https:\/\/www.concelloentrimo.es\/wp-content\/uploads\/2022\/12\/image3-1536x1153.jpg 1536w\" sizes=\"(max-width: 1999px) 100vw, 1999px\" \/>\t\t\t\t\t\t\t\t\t\t\t\t\t\t\t<\/div>\n\t\t\t\t<\/div>\n\t\t\t\t\t<\/div>\n\t\t<\/div>\n\t\t\t\t<div class=\"elementor-column elementor-col-50 elementor-top-column elementor-element elementor-element-641e8f4\" data-id=\"641e8f4\" data-element_type=\"column\">\n\t\t\t<div class=\"elementor-widget-wrap elementor-element-populated\">\n\t\t\t\t\t\t\t\t<div class=\"elementor-element elementor-element-0b27e45 elementor-widget elementor-widget-heading\" data-id=\"0b27e45\" data-element_type=\"widget\" data-widget_type=\"heading.default\">\n\t\t\t\t<div class=\"elementor-widget-container\">\n\t\t\t<h2 class=\"elementor-heading-title elementor-size-default\">Mirador de O Pedreiri\u00f1o<\/h2>\t\t<\/div>\n\t\t\t\t<\/div>\n\t\t\t\t<div class=\"elementor-element elementor-element-1228f61 elementor-widget elementor-widget-text-editor\" data-id=\"1228f61\" data-element_type=\"widget\" data-widget_type=\"text-editor.default\">\n\t\t\t\t<div class=\"elementor-widget-container\">\n\t\t\t\t\t\t\t<p>Este miradoiro foi <strong>creado en 1980<\/strong> como \u00e1rea recreativa con mesas, fonte e valado en pedra que ofrece unha fermosa panor\u00e1mica de parte do concello de Entrimo, a li\u00f1a monta\u00f1osa do <strong>Parque Natural Serra de O Xur\u00e9s- Ger\u00eas e de parte do Val do Limia.<\/strong><\/p><p>\u00a0<\/p><p>Est\u00e1 situado a uns 2,5 km da Terrach\u00e1n (capitalidade do concello de Entrimo) na estrada OU-1210.<\/p>\t\t\t\t\t\t<\/div>\n\t\t\t\t<\/div>\n\t\t\t\t\t<\/div>\n\t\t<\/div>\n\t\t\t\t\t\t\t<\/div>\n\t\t<\/section>\n\t\t\t\t\t\t\t<\/div>\n\t\t","protected":false},"excerpt":{"rendered":"<p>Puntos de interese paisax\u00edstico Pantano de Olelas O pantano de Olelas e os picos escarpados de fondo da serra do Quinxo forman unha das fotos m\u00e1is belas do Parque Natural do Xur\u00e9s. \u00a0 A presa do pantano foi constru\u00edda a principios do s.XX para\u00a0 abastecer de auga de regad\u00edo \u00f3 lugar de Olelas. \u00a0 Para [&hellip;]<\/p>\n","protected":false},"author":1,"featured_media":0,"parent":0,"menu_order":0,"comment_status":"closed","ping_status":"closed","template":"","meta":{"footnotes":""},"acf":[],"yoast_head":"<!-- This site is optimized with the Yoast SEO plugin v21.1 - https:\/\/yoast.com\/wordpress\/plugins\/seo\/ -->\n<title>Puntos de interese paisax\u00edstico | Concello de Entrimo<\/title>\n<meta name=\"robots\" content=\"index, follow, max-snippet:-1, max-image-preview:large, max-video-preview:-1\" \/>\n<link rel=\"canonical\" href=\"https:\/\/www.concelloentrimo.es\/puntos-de-interes-paisajistico\/\" \/>\n<meta property=\"og:locale\" content=\"gl_ES\" \/>\n<meta property=\"og:type\" content=\"article\" \/>\n<meta property=\"og:title\" content=\"Puntos de interese paisax\u00edstico | Concello de Entrimo\" \/>\n<meta property=\"og:description\" content=\"Puntos de interese paisax\u00edstico Pantano de Olelas O pantano de Olelas e os picos escarpados de fondo da serra do Quinxo forman unha das fotos m\u00e1is belas do Parque Natural do Xur\u00e9s. \u00a0 A presa do pantano foi constru\u00edda a principios do s.XX para\u00a0 abastecer de auga de regad\u00edo \u00f3 lugar de Olelas. \u00a0 Para [&hellip;]\" \/>\n<meta property=\"og:url\" content=\"https:\/\/www.concelloentrimo.es\/puntos-de-interes-paisajistico\/\" \/>\n<meta property=\"og:site_name\" content=\"Concello de Entrimo\" \/>\n<meta property=\"article:modified_time\" content=\"2023-09-22T11:30:39+00:00\" \/>\n<meta property=\"og:image\" content=\"https:\/\/www.concelloentrimo.es\/wp-content\/uploads\/2022\/12\/PantanoOlelas-1-1-min.png\" \/>\n<meta name=\"twitter:card\" content=\"summary_large_image\" \/>\n<meta name=\"twitter:label1\" content=\"Tempo de lectura\" \/>\n\t<meta name=\"twitter:data1\" content=\"3 minutos\" \/>\n<script type=\"application\/ld+json\" class=\"yoast-schema-graph\">{\"@context\":\"https:\/\/schema.org\",\"@graph\":[{\"@type\":\"WebPage\",\"@id\":\"https:\/\/www.concelloentrimo.es\/puntos-de-interes-paisajistico\/\",\"url\":\"https:\/\/www.concelloentrimo.es\/puntos-de-interes-paisajistico\/\",\"name\":\"Puntos de interese paisax\u00edstico | Concello de Entrimo\",\"isPartOf\":{\"@id\":\"https:\/\/www.concelloentrimo.es\/#website\"},\"datePublished\":\"2022-04-06T11:05:18+00:00\",\"dateModified\":\"2023-09-22T11:30:39+00:00\",\"breadcrumb\":{\"@id\":\"https:\/\/www.concelloentrimo.es\/puntos-de-interes-paisajistico\/#breadcrumb\"},\"inLanguage\":\"gl-ES\",\"potentialAction\":[{\"@type\":\"ReadAction\",\"target\":[\"https:\/\/www.concelloentrimo.es\/puntos-de-interes-paisajistico\/\"]}]},{\"@type\":\"BreadcrumbList\",\"@id\":\"https:\/\/www.concelloentrimo.es\/puntos-de-interes-paisajistico\/#breadcrumb\",\"itemListElement\":[{\"@type\":\"ListItem\",\"position\":1,\"name\":\"Portada\",\"item\":\"https:\/\/www.concelloentrimo.es\/\"},{\"@type\":\"ListItem\",\"position\":2,\"name\":\"Puntos de interese paisax\u00edstico\"}]},{\"@type\":\"WebSite\",\"@id\":\"https:\/\/www.concelloentrimo.es\/#website\",\"url\":\"https:\/\/www.concelloentrimo.es\/\",\"name\":\"Concello de Entrimo\",\"description\":\"Toda la actualidad, servicios y noticias relacionados con el Concello de Entrimo.\",\"publisher\":{\"@id\":\"https:\/\/www.concelloentrimo.es\/#organization\"},\"potentialAction\":[{\"@type\":\"SearchAction\",\"target\":{\"@type\":\"EntryPoint\",\"urlTemplate\":\"https:\/\/www.concelloentrimo.es\/?s={search_term_string}\"},\"query-input\":\"required name=search_term_string\"}],\"inLanguage\":\"gl-ES\"},{\"@type\":\"Organization\",\"@id\":\"https:\/\/www.concelloentrimo.es\/#organization\",\"name\":\"Concello de Entrimo\",\"url\":\"https:\/\/www.concelloentrimo.es\/\",\"logo\":{\"@type\":\"ImageObject\",\"inLanguage\":\"gl-ES\",\"@id\":\"https:\/\/www.concelloentrimo.es\/#\/schema\/logo\/image\/\",\"url\":\"https:\/\/www.concelloentrimo.es\/wp-content\/uploads\/2022\/04\/escudo.png\",\"contentUrl\":\"https:\/\/www.concelloentrimo.es\/wp-content\/uploads\/2022\/04\/escudo.png\",\"width\":168,\"height\":168,\"caption\":\"Concello de Entrimo\"},\"image\":{\"@id\":\"https:\/\/www.concelloentrimo.es\/#\/schema\/logo\/image\/\"}}]}<\/script>\n<!-- \/ Yoast SEO plugin. -->","yoast_head_json":{"title":"Puntos de interese paisax\u00edstico | Concello de Entrimo","robots":{"index":"index","follow":"follow","max-snippet":"max-snippet:-1","max-image-preview":"max-image-preview:large","max-video-preview":"max-video-preview:-1"},"canonical":"https:\/\/www.concelloentrimo.es\/puntos-de-interes-paisajistico\/","og_locale":"gl_ES","og_type":"article","og_title":"Puntos de interese paisax\u00edstico | Concello de Entrimo","og_description":"Puntos de interese paisax\u00edstico Pantano de Olelas O pantano de Olelas e os picos escarpados de fondo da serra do Quinxo forman unha das fotos m\u00e1is belas do Parque Natural do Xur\u00e9s. \u00a0 A presa do pantano foi constru\u00edda a principios do s.XX para\u00a0 abastecer de auga de regad\u00edo \u00f3 lugar de Olelas. \u00a0 Para [&hellip;]","og_url":"https:\/\/www.concelloentrimo.es\/puntos-de-interes-paisajistico\/","og_site_name":"Concello de Entrimo","article_modified_time":"2023-09-22T11:30:39+00:00","og_image":[{"url":"https:\/\/www.concelloentrimo.es\/wp-content\/uploads\/2022\/12\/PantanoOlelas-1-1-min.png"}],"twitter_card":"summary_large_image","twitter_misc":{"Tempo de lectura":"3 minutos"},"schema":{"@context":"https:\/\/schema.org","@graph":[{"@type":"WebPage","@id":"https:\/\/www.concelloentrimo.es\/puntos-de-interes-paisajistico\/","url":"https:\/\/www.concelloentrimo.es\/puntos-de-interes-paisajistico\/","name":"Puntos de interese paisax\u00edstico | Concello de Entrimo","isPartOf":{"@id":"https:\/\/www.concelloentrimo.es\/#website"},"datePublished":"2022-04-06T11:05:18+00:00","dateModified":"2023-09-22T11:30:39+00:00","breadcrumb":{"@id":"https:\/\/www.concelloentrimo.es\/puntos-de-interes-paisajistico\/#breadcrumb"},"inLanguage":"gl-ES","potentialAction":[{"@type":"ReadAction","target":["https:\/\/www.concelloentrimo.es\/puntos-de-interes-paisajistico\/"]}]},{"@type":"BreadcrumbList","@id":"https:\/\/www.concelloentrimo.es\/puntos-de-interes-paisajistico\/#breadcrumb","itemListElement":[{"@type":"ListItem","position":1,"name":"Portada","item":"https:\/\/www.concelloentrimo.es\/"},{"@type":"ListItem","position":2,"name":"Puntos de interese paisax\u00edstico"}]},{"@type":"WebSite","@id":"https:\/\/www.concelloentrimo.es\/#website","url":"https:\/\/www.concelloentrimo.es\/","name":"Concello de Entrimo","description":"Toda la actualidad, servicios y noticias relacionados con el Concello de Entrimo.","publisher":{"@id":"https:\/\/www.concelloentrimo.es\/#organization"},"potentialAction":[{"@type":"SearchAction","target":{"@type":"EntryPoint","urlTemplate":"https:\/\/www.concelloentrimo.es\/?s={search_term_string}"},"query-input":"required name=search_term_string"}],"inLanguage":"gl-ES"},{"@type":"Organization","@id":"https:\/\/www.concelloentrimo.es\/#organization","name":"Concello de Entrimo","url":"https:\/\/www.concelloentrimo.es\/","logo":{"@type":"ImageObject","inLanguage":"gl-ES","@id":"https:\/\/www.concelloentrimo.es\/#\/schema\/logo\/image\/","url":"https:\/\/www.concelloentrimo.es\/wp-content\/uploads\/2022\/04\/escudo.png","contentUrl":"https:\/\/www.concelloentrimo.es\/wp-content\/uploads\/2022\/04\/escudo.png","width":168,"height":168,"caption":"Concello de Entrimo"},"image":{"@id":"https:\/\/www.concelloentrimo.es\/#\/schema\/logo\/image\/"}}]}},"_links":{"self":[{"href":"https:\/\/www.concelloentrimo.es\/gl\/wp-json\/wp\/v2\/pages\/1143"}],"collection":[{"href":"https:\/\/www.concelloentrimo.es\/gl\/wp-json\/wp\/v2\/pages"}],"about":[{"href":"https:\/\/www.concelloentrimo.es\/gl\/wp-json\/wp\/v2\/types\/page"}],"author":[{"embeddable":true,"href":"https:\/\/www.concelloentrimo.es\/gl\/wp-json\/wp\/v2\/users\/1"}],"replies":[{"embeddable":true,"href":"https:\/\/www.concelloentrimo.es\/gl\/wp-json\/wp\/v2\/comments?post=1143"}],"version-history":[{"count":23,"href":"https:\/\/www.concelloentrimo.es\/gl\/wp-json\/wp\/v2\/pages\/1143\/revisions"}],"predecessor-version":[{"id":2214,"href":"https:\/\/www.concelloentrimo.es\/gl\/wp-json\/wp\/v2\/pages\/1143\/revisions\/2214"}],"wp:attachment":[{"href":"https:\/\/www.concelloentrimo.es\/gl\/wp-json\/wp\/v2\/media?parent=1143"}],"curies":[{"name":"wp","href":"https:\/\/api.w.org\/{rel}","templated":true}]}}