{"id":1182,"date":"2022-04-06T11:04:17","date_gmt":"2022-04-06T11:04:17","guid":{"rendered":"https:\/\/entrimo.des2.net\/servizos\/"},"modified":"2023-09-22T11:23:10","modified_gmt":"2023-09-22T11:23:10","slug":"servizos","status":"publish","type":"page","link":"https:\/\/www.concelloentrimo.es\/gl\/servizos\/","title":{"rendered":"Servizos"},"content":{"rendered":"\t\t<div data-elementor-type=\"wp-page\" data-elementor-id=\"1182\" class=\"elementor elementor-1182\" data-elementor-post-type=\"page\">\n\t\t\t\t\t\t\t\t\t<section class=\"elementor-section elementor-top-section elementor-element elementor-element-79de3146 elementor-section-full_width elementor-section-height-min-height elementor-section-height-default elementor-section-items-middle\" data-id=\"79de3146\" data-element_type=\"section\" data-settings=\"{&quot;background_background&quot;:&quot;classic&quot;}\">\n\t\t\t\t\t\t\t<div class=\"elementor-background-overlay\"><\/div>\n\t\t\t\t\t\t\t<div class=\"elementor-container elementor-column-gap-default\">\n\t\t\t\t\t<div class=\"elementor-column elementor-col-100 elementor-top-column elementor-element elementor-element-53eaf4dc\" data-id=\"53eaf4dc\" data-element_type=\"column\">\n\t\t\t<div class=\"elementor-widget-wrap elementor-element-populated\">\n\t\t\t\t\t\t\t\t<section class=\"elementor-section elementor-inner-section elementor-element elementor-element-1c7cc822 elementor-section-boxed elementor-section-height-default elementor-section-height-default\" data-id=\"1c7cc822\" data-element_type=\"section\">\n\t\t\t\t\t\t<div class=\"elementor-container elementor-column-gap-default\">\n\t\t\t\t\t<div class=\"elementor-column elementor-col-100 elementor-inner-column elementor-element elementor-element-3f364751\" data-id=\"3f364751\" data-element_type=\"column\">\n\t\t\t<div class=\"elementor-widget-wrap elementor-element-populated\">\n\t\t\t\t\t\t\t\t<div class=\"elementor-element elementor-element-71e962c3 elementor-widget elementor-widget-heading\" data-id=\"71e962c3\" data-element_type=\"widget\" data-widget_type=\"heading.default\">\n\t\t\t\t<div class=\"elementor-widget-container\">\n\t\t\t<style>\/*! elementor - v3.15.0 - 20-08-2023 *\/\n.elementor-heading-title{padding:0;margin:0;line-height:1}.elementor-widget-heading .elementor-heading-title[class*=elementor-size-]>a{color:inherit;font-size:inherit;line-height:inherit}.elementor-widget-heading .elementor-heading-title.elementor-size-small{font-size:15px}.elementor-widget-heading .elementor-heading-title.elementor-size-medium{font-size:19px}.elementor-widget-heading .elementor-heading-title.elementor-size-large{font-size:29px}.elementor-widget-heading .elementor-heading-title.elementor-size-xl{font-size:39px}.elementor-widget-heading .elementor-heading-title.elementor-size-xxl{font-size:59px}<\/style><h1 class=\"elementor-heading-title elementor-size-default\">Servizos<\/h1>\t\t<\/div>\n\t\t\t\t<\/div>\n\t\t\t\t\t<\/div>\n\t\t<\/div>\n\t\t\t\t\t\t\t<\/div>\n\t\t<\/section>\n\t\t\t\t\t<\/div>\n\t\t<\/div>\n\t\t\t\t\t\t\t<\/div>\n\t\t<\/section>\n\t\t\t\t<section class=\"elementor-section elementor-top-section elementor-element elementor-element-b76d498 elementor-section-boxed elementor-section-height-default elementor-section-height-default\" data-id=\"b76d498\" data-element_type=\"section\">\n\t\t\t\t\t\t<div class=\"elementor-container elementor-column-gap-default\">\n\t\t\t\t\t<div class=\"elementor-column elementor-col-100 elementor-top-column elementor-element elementor-element-6ab894f\" data-id=\"6ab894f\" data-element_type=\"column\">\n\t\t\t<div class=\"elementor-widget-wrap elementor-element-populated\">\n\t\t\t\t\t\t\t\t<div class=\"elementor-element elementor-element-0a15e19 elementor-widget__width-initial elementor-widget elementor-widget-text-editor\" data-id=\"0a15e19\" data-element_type=\"widget\" data-widget_type=\"text-editor.default\">\n\t\t\t\t<div class=\"elementor-widget-container\">\n\t\t\t<style>\/*! elementor - v3.15.0 - 20-08-2023 *\/\n.elementor-widget-text-editor.elementor-drop-cap-view-stacked .elementor-drop-cap{background-color:#69727d;color:#fff}.elementor-widget-text-editor.elementor-drop-cap-view-framed .elementor-drop-cap{color:#69727d;border:3px solid;background-color:transparent}.elementor-widget-text-editor:not(.elementor-drop-cap-view-default) .elementor-drop-cap{margin-top:8px}.elementor-widget-text-editor:not(.elementor-drop-cap-view-default) .elementor-drop-cap-letter{width:1em;height:1em}.elementor-widget-text-editor .elementor-drop-cap{float:left;text-align:center;line-height:1;font-size:50px}.elementor-widget-text-editor .elementor-drop-cap-letter{display:inline-block}<\/style>\t\t\t\t<p>Consulta todos os nosos servicios.<\/p>\t\t\t\t\t\t<\/div>\n\t\t\t\t<\/div>\n\t\t\t\t<section class=\"elementor-section elementor-inner-section elementor-element elementor-element-945c5b4 elementor-section-boxed elementor-section-height-default elementor-section-height-default\" data-id=\"945c5b4\" data-element_type=\"section\">\n\t\t\t\t\t\t<div class=\"elementor-container elementor-column-gap-default\">\n\t\t\t\t\t<div class=\"elementor-column elementor-col-33 elementor-inner-column elementor-element elementor-element-bee94e2\" data-id=\"bee94e2\" data-element_type=\"column\">\n\t\t\t<div class=\"elementor-widget-wrap elementor-element-populated\">\n\t\t\t\t\t\t\t\t<div class=\"elementor-element elementor-element-07d2db4 elementor-widget elementor-widget-image\" data-id=\"07d2db4\" data-element_type=\"widget\" data-widget_type=\"image.default\">\n\t\t\t\t<div class=\"elementor-widget-container\">\n\t\t\t<style>\/*! elementor - v3.15.0 - 20-08-2023 *\/\n.elementor-widget-image{text-align:center}.elementor-widget-image a{display:inline-block}.elementor-widget-image a img[src$=\".svg\"]{width:48px}.elementor-widget-image img{vertical-align:middle;display:inline-block}<\/style>\t\t\t\t\t\t\t\t\t\t\t\t<img decoding=\"async\" loading=\"lazy\" width=\"120\" height=\"120\" src=\"https:\/\/www.concelloentrimo.es\/wp-content\/uploads\/2022\/04\/atencion-al-cliente@2x.png\" class=\"attachment-full size-full wp-image-119\" alt=\"\" \/>\t\t\t\t\t\t\t\t\t\t\t\t\t\t\t<\/div>\n\t\t\t\t<\/div>\n\t\t\t\t<div class=\"elementor-element elementor-element-6de648b elementor-widget elementor-widget-heading\" data-id=\"6de648b\" data-element_type=\"widget\" data-widget_type=\"heading.default\">\n\t\t\t\t<div class=\"elementor-widget-container\">\n\t\t\t<h2 class=\"elementor-heading-title elementor-size-default\">Atenci\u00f3n ao cidad\u00e1n<\/h2>\t\t<\/div>\n\t\t\t\t<\/div>\n\t\t\t\t<div class=\"elementor-element elementor-element-3678e51 elementor-align-center elementor-mobile-align-center elementor-widget elementor-widget-button\" data-id=\"3678e51\" data-element_type=\"widget\" data-widget_type=\"button.default\">\n\t\t\t\t<div class=\"elementor-widget-container\">\n\t\t\t\t\t<div class=\"elementor-button-wrapper\">\n\t\t\t<a class=\"elementor-button elementor-button-link elementor-size-sm\" href=\"\/gl\/servizos\/atencion-o-ciudadan\/\">\n\t\t\t\t\t\t<span class=\"elementor-button-content-wrapper\">\n\t\t\t\t\t\t<span class=\"elementor-button-text\">Ler m\u00e1is<\/span>\n\t\t<\/span>\n\t\t\t\t\t<\/a>\n\t\t<\/div>\n\t\t\t\t<\/div>\n\t\t\t\t<\/div>\n\t\t\t\t\t<\/div>\n\t\t<\/div>\n\t\t\t\t<div class=\"elementor-column elementor-col-33 elementor-inner-column elementor-element elementor-element-5d54fdd\" data-id=\"5d54fdd\" data-element_type=\"column\">\n\t\t\t<div class=\"elementor-widget-wrap elementor-element-populated\">\n\t\t\t\t\t\t\t\t<div class=\"elementor-element elementor-element-b2b28c6 elementor-widget elementor-widget-image\" data-id=\"b2b28c6\" data-element_type=\"widget\" data-widget_type=\"image.default\">\n\t\t\t\t<div class=\"elementor-widget-container\">\n\t\t\t\t\t\t\t\t\t\t\t\t\t\t\t<img decoding=\"async\" loading=\"lazy\" width=\"120\" height=\"120\" src=\"https:\/\/www.concelloentrimo.es\/wp-content\/uploads\/2022\/04\/cliente@2x.png\" class=\"attachment-full size-full wp-image-120\" alt=\"\" \/>\t\t\t\t\t\t\t\t\t\t\t\t\t\t\t<\/div>\n\t\t\t\t<\/div>\n\t\t\t\t<div class=\"elementor-element elementor-element-4318440 elementor-widget elementor-widget-heading\" data-id=\"4318440\" data-element_type=\"widget\" data-widget_type=\"heading.default\">\n\t\t\t\t<div class=\"elementor-widget-container\">\n\t\t\t<h2 class=\"elementor-heading-title elementor-size-default\">Servizos sociais<\/h2>\t\t<\/div>\n\t\t\t\t<\/div>\n\t\t\t\t<div class=\"elementor-element elementor-element-4b7b280 elementor-align-center elementor-mobile-align-center elementor-widget elementor-widget-button\" data-id=\"4b7b280\" data-element_type=\"widget\" data-widget_type=\"button.default\">\n\t\t\t\t<div class=\"elementor-widget-container\">\n\t\t\t\t\t<div class=\"elementor-button-wrapper\">\n\t\t\t<a class=\"elementor-button elementor-button-link elementor-size-sm\" href=\"\/gl\/servizos\/servizos-sociais\/\">\n\t\t\t\t\t\t<span class=\"elementor-button-content-wrapper\">\n\t\t\t\t\t\t<span class=\"elementor-button-text\">Ler m\u00e1is<\/span>\n\t\t<\/span>\n\t\t\t\t\t<\/a>\n\t\t<\/div>\n\t\t\t\t<\/div>\n\t\t\t\t<\/div>\n\t\t\t\t\t<\/div>\n\t\t<\/div>\n\t\t\t\t<div class=\"elementor-column elementor-col-33 elementor-inner-column elementor-element elementor-element-8dd3866\" data-id=\"8dd3866\" data-element_type=\"column\">\n\t\t\t<div class=\"elementor-widget-wrap elementor-element-populated\">\n\t\t\t\t\t\t\t\t<div class=\"elementor-element elementor-element-3e777b7 elementor-widget elementor-widget-image\" data-id=\"3e777b7\" data-element_type=\"widget\" data-widget_type=\"image.default\">\n\t\t\t\t<div class=\"elementor-widget-container\">\n\t\t\t\t\t\t\t\t\t\t\t\t\t\t\t<img decoding=\"async\" loading=\"lazy\" width=\"120\" height=\"120\" src=\"https:\/\/www.concelloentrimo.es\/wp-content\/uploads\/2022\/04\/woman-avatar@2x.png\" class=\"attachment-full size-full wp-image-123\" alt=\"\" \/>\t\t\t\t\t\t\t\t\t\t\t\t\t\t\t<\/div>\n\t\t\t\t<\/div>\n\t\t\t\t<div class=\"elementor-element elementor-element-c103dc2 elementor-widget elementor-widget-heading\" data-id=\"c103dc2\" data-element_type=\"widget\" data-widget_type=\"heading.default\">\n\t\t\t\t<div class=\"elementor-widget-container\">\n\t\t\t<h2 class=\"elementor-heading-title elementor-size-default\">Biblioteca<\/h2>\t\t<\/div>\n\t\t\t\t<\/div>\n\t\t\t\t<div class=\"elementor-element elementor-element-fc67eea elementor-align-center elementor-mobile-align-center elementor-widget elementor-widget-button\" data-id=\"fc67eea\" data-element_type=\"widget\" data-widget_type=\"button.default\">\n\t\t\t\t<div class=\"elementor-widget-container\">\n\t\t\t\t\t<div class=\"elementor-button-wrapper\">\n\t\t\t<a class=\"elementor-button elementor-button-link elementor-size-sm\" href=\"\/gl\/servizos\/biblioteca\/\">\n\t\t\t\t\t\t<span class=\"elementor-button-content-wrapper\">\n\t\t\t\t\t\t<span class=\"elementor-button-text\">Ler m\u00e1is<\/span>\n\t\t<\/span>\n\t\t\t\t\t<\/a>\n\t\t<\/div>\n\t\t\t\t<\/div>\n\t\t\t\t<\/div>\n\t\t\t\t\t<\/div>\n\t\t<\/div>\n\t\t\t\t\t\t\t<\/div>\n\t\t<\/section>\n\t\t\t\t<section class=\"elementor-section elementor-inner-section elementor-element elementor-element-fe0eab3 elementor-section-boxed elementor-section-height-default elementor-section-height-default\" data-id=\"fe0eab3\" data-element_type=\"section\">\n\t\t\t\t\t\t<div class=\"elementor-container elementor-column-gap-default\">\n\t\t\t\t\t<div class=\"elementor-column elementor-col-33 elementor-inner-column elementor-element elementor-element-a42d3c5\" data-id=\"a42d3c5\" data-element_type=\"column\">\n\t\t\t<div class=\"elementor-widget-wrap elementor-element-populated\">\n\t\t\t\t\t\t\t\t<div class=\"elementor-element elementor-element-c85c63e elementor-widget elementor-widget-image\" data-id=\"c85c63e\" data-element_type=\"widget\" data-widget_type=\"image.default\">\n\t\t\t\t<div class=\"elementor-widget-container\">\n\t\t\t\t\t\t\t\t\t\t\t\t\t\t\t<img decoding=\"async\" loading=\"lazy\" width=\"120\" height=\"120\" src=\"https:\/\/www.concelloentrimo.es\/wp-content\/uploads\/2022\/04\/secure@2x.png\" class=\"attachment-full size-full wp-image-122\" alt=\"\" \/>\t\t\t\t\t\t\t\t\t\t\t\t\t\t\t<\/div>\n\t\t\t\t<\/div>\n\t\t\t\t<div class=\"elementor-element elementor-element-2398a59 elementor-widget elementor-widget-heading\" data-id=\"2398a59\" data-element_type=\"widget\" data-widget_type=\"heading.default\">\n\t\t\t\t<div class=\"elementor-widget-container\">\n\t\t\t<h2 class=\"elementor-heading-title elementor-size-default\">Casa da cultura<\/h2>\t\t<\/div>\n\t\t\t\t<\/div>\n\t\t\t\t<div class=\"elementor-element elementor-element-746b245 elementor-align-center elementor-mobile-align-center elementor-widget elementor-widget-button\" data-id=\"746b245\" data-element_type=\"widget\" data-widget_type=\"button.default\">\n\t\t\t\t<div class=\"elementor-widget-container\">\n\t\t\t\t\t<div class=\"elementor-button-wrapper\">\n\t\t\t<a class=\"elementor-button elementor-button-link elementor-size-sm\" href=\"\/gl\/servizos\/casa-cultura\/\">\n\t\t\t\t\t\t<span class=\"elementor-button-content-wrapper\">\n\t\t\t\t\t\t<span class=\"elementor-button-text\">Ler m\u00e1is<\/span>\n\t\t<\/span>\n\t\t\t\t\t<\/a>\n\t\t<\/div>\n\t\t\t\t<\/div>\n\t\t\t\t<\/div>\n\t\t\t\t\t<\/div>\n\t\t<\/div>\n\t\t\t\t<div class=\"elementor-column elementor-col-33 elementor-inner-column elementor-element elementor-element-ae3492d\" data-id=\"ae3492d\" data-element_type=\"column\">\n\t\t\t<div class=\"elementor-widget-wrap elementor-element-populated\">\n\t\t\t\t\t\t\t\t<div class=\"elementor-element elementor-element-6eff30c elementor-widget elementor-widget-image\" data-id=\"6eff30c\" data-element_type=\"widget\" data-widget_type=\"image.default\">\n\t\t\t\t<div class=\"elementor-widget-container\">\n\t\t\t\t\t\t\t\t\t\t\t\t\t\t\t<img decoding=\"async\" loading=\"lazy\" width=\"120\" height=\"120\" src=\"https:\/\/www.concelloentrimo.es\/wp-content\/uploads\/2022\/04\/build@2x.png\" class=\"attachment-full size-full wp-image-121\" alt=\"\" \/>\t\t\t\t\t\t\t\t\t\t\t\t\t\t\t<\/div>\n\t\t\t\t<\/div>\n\t\t\t\t<div class=\"elementor-element elementor-element-6450fec elementor-widget elementor-widget-heading\" data-id=\"6450fec\" data-element_type=\"widget\" data-widget_type=\"heading.default\">\n\t\t\t\t<div class=\"elementor-widget-container\">\n\t\t\t<h2 class=\"elementor-heading-title elementor-size-default\">Urbanismo<\/h2>\t\t<\/div>\n\t\t\t\t<\/div>\n\t\t\t\t<div class=\"elementor-element elementor-element-33bb15c elementor-align-center elementor-mobile-align-center elementor-widget elementor-widget-button\" data-id=\"33bb15c\" data-element_type=\"widget\" data-widget_type=\"button.default\">\n\t\t\t\t<div class=\"elementor-widget-container\">\n\t\t\t\t\t<div class=\"elementor-button-wrapper\">\n\t\t\t<a class=\"elementor-button elementor-button-link elementor-size-sm\" href=\"\/gl\/servizos\/urbanismo\/\">\n\t\t\t\t\t\t<span class=\"elementor-button-content-wrapper\">\n\t\t\t\t\t\t<span class=\"elementor-button-text\">Ler m\u00e1is<\/span>\n\t\t<\/span>\n\t\t\t\t\t<\/a>\n\t\t<\/div>\n\t\t\t\t<\/div>\n\t\t\t\t<\/div>\n\t\t\t\t\t<\/div>\n\t\t<\/div>\n\t\t\t\t<div class=\"elementor-column elementor-col-33 elementor-inner-column elementor-element elementor-element-3813ae6\" data-id=\"3813ae6\" data-element_type=\"column\">\n\t\t\t<div class=\"elementor-widget-wrap elementor-element-populated\">\n\t\t\t\t\t\t\t\t<div class=\"elementor-element elementor-element-f1cad50 elementor-widget elementor-widget-image\" data-id=\"f1cad50\" data-element_type=\"widget\" data-widget_type=\"image.default\">\n\t\t\t\t<div class=\"elementor-widget-container\">\n\t\t\t\t\t\t\t\t\t\t\t\t\t\t\t<img decoding=\"async\" loading=\"lazy\" width=\"120\" height=\"120\" src=\"https:\/\/www.concelloentrimo.es\/wp-content\/uploads\/2022\/04\/briefcase@2x.png\" class=\"attachment-full size-full wp-image-163\" alt=\"\" \/>\t\t\t\t\t\t\t\t\t\t\t\t\t\t\t<\/div>\n\t\t\t\t<\/div>\n\t\t\t\t<div class=\"elementor-element elementor-element-cc5cb89 elementor-widget elementor-widget-heading\" data-id=\"cc5cb89\" data-element_type=\"widget\" data-widget_type=\"heading.default\">\n\t\t\t\t<div class=\"elementor-widget-container\">\n\t\t\t<h2 class=\"elementor-heading-title elementor-size-default\">Casa Ni\u00f1o<\/h2>\t\t<\/div>\n\t\t\t\t<\/div>\n\t\t\t\t<div class=\"elementor-element elementor-element-6a72b06 elementor-align-center elementor-mobile-align-center elementor-widget elementor-widget-button\" data-id=\"6a72b06\" data-element_type=\"widget\" data-widget_type=\"button.default\">\n\t\t\t\t<div class=\"elementor-widget-container\">\n\t\t\t\t\t<div class=\"elementor-button-wrapper\">\n\t\t\t<a class=\"elementor-button elementor-button-link elementor-size-sm\" href=\"\/gl\/servizos\/casa-nido\/\">\n\t\t\t\t\t\t<span class=\"elementor-button-content-wrapper\">\n\t\t\t\t\t\t<span class=\"elementor-button-text\">Ler m\u00e1is<\/span>\n\t\t<\/span>\n\t\t\t\t\t<\/a>\n\t\t<\/div>\n\t\t\t\t<\/div>\n\t\t\t\t<\/div>\n\t\t\t\t\t<\/div>\n\t\t<\/div>\n\t\t\t\t\t\t\t<\/div>\n\t\t<\/section>\n\t\t\t\t<section class=\"elementor-section elementor-inner-section elementor-element elementor-element-5781d5d elementor-section-boxed elementor-section-height-default elementor-section-height-default\" data-id=\"5781d5d\" data-element_type=\"section\">\n\t\t\t\t\t\t<div class=\"elementor-container elementor-column-gap-default\">\n\t\t\t\t\t<div class=\"elementor-column elementor-col-100 elementor-inner-column elementor-element elementor-element-dd46065\" data-id=\"dd46065\" data-element_type=\"column\">\n\t\t\t<div class=\"elementor-widget-wrap elementor-element-populated\">\n\t\t\t\t\t\t\t\t<div class=\"elementor-element elementor-element-cc41428 elementor-widget elementor-widget-image\" data-id=\"cc41428\" data-element_type=\"widget\" data-widget_type=\"image.default\">\n\t\t\t\t<div class=\"elementor-widget-container\">\n\t\t\t\t\t\t\t\t\t\t\t\t\t\t\t<img decoding=\"async\" loading=\"lazy\" width=\"120\" height=\"120\" src=\"https:\/\/www.concelloentrimo.es\/wp-content\/uploads\/2022\/04\/secure@2x.png\" class=\"attachment-full size-full wp-image-122\" alt=\"\" \/>\t\t\t\t\t\t\t\t\t\t\t\t\t\t\t<\/div>\n\t\t\t\t<\/div>\n\t\t\t\t<div class=\"elementor-element elementor-element-8251df2 elementor-widget elementor-widget-heading\" data-id=\"8251df2\" data-element_type=\"widget\" data-widget_type=\"heading.default\">\n\t\t\t\t<div class=\"elementor-widget-container\">\n\t\t\t<h2 class=\"elementor-heading-title elementor-size-default\">Museo Pura Santos<\/h2>\t\t<\/div>\n\t\t\t\t<\/div>\n\t\t\t\t<div class=\"elementor-element elementor-element-198f66a elementor-align-center elementor-mobile-align-center elementor-widget elementor-widget-button\" data-id=\"198f66a\" data-element_type=\"widget\" data-widget_type=\"button.default\">\n\t\t\t\t<div class=\"elementor-widget-container\">\n\t\t\t\t\t<div class=\"elementor-button-wrapper\">\n\t\t\t<a class=\"elementor-button elementor-button-link elementor-size-sm\" href=\"\/gl\/servizos\/museo-pura-santos\/\">\n\t\t\t\t\t\t<span class=\"elementor-button-content-wrapper\">\n\t\t\t\t\t\t<span class=\"elementor-button-text\">Ler m\u00e1is<\/span>\n\t\t<\/span>\n\t\t\t\t\t<\/a>\n\t\t<\/div>\n\t\t\t\t<\/div>\n\t\t\t\t<\/div>\n\t\t\t\t\t<\/div>\n\t\t<\/div>\n\t\t\t\t\t\t\t<\/div>\n\t\t<\/section>\n\t\t\t\t\t<\/div>\n\t\t<\/div>\n\t\t\t\t\t\t\t<\/div>\n\t\t<\/section>\n\t\t\t\t\t\t\t<\/div>\n\t\t","protected":false},"excerpt":{"rendered":"<p>Servizos Consulta todos os nosos servicios. Atenci\u00f3n ao cidad\u00e1n Ler m\u00e1is Servizos sociais Ler m\u00e1is Biblioteca Ler m\u00e1is Casa da cultura Ler m\u00e1is Urbanismo Ler m\u00e1is Casa Ni\u00f1o Ler m\u00e1is Museo Pura Santos Ler m\u00e1is<\/p>\n","protected":false},"author":1,"featured_media":0,"parent":0,"menu_order":0,"comment_status":"closed","ping_status":"closed","template":"","meta":{"footnotes":""},"acf":[],"yoast_head":"<!-- This site is optimized with the Yoast SEO plugin v21.1 - https:\/\/yoast.com\/wordpress\/plugins\/seo\/ -->\n<title>Servizos | Concello de Entrimo<\/title>\n<meta name=\"robots\" content=\"index, follow, max-snippet:-1, max-image-preview:large, max-video-preview:-1\" \/>\n<link rel=\"canonical\" href=\"https:\/\/www.concelloentrimo.es\/servicios\/\" \/>\n<meta property=\"og:locale\" content=\"gl_ES\" \/>\n<meta property=\"og:type\" content=\"article\" \/>\n<meta property=\"og:title\" content=\"Servizos | Concello de Entrimo\" \/>\n<meta property=\"og:description\" content=\"Servizos Consulta todos os nosos servicios. Atenci\u00f3n ao cidad\u00e1n Ler m\u00e1is Servizos sociais Ler m\u00e1is Biblioteca Ler m\u00e1is Casa da cultura Ler m\u00e1is Urbanismo Ler m\u00e1is Casa Ni\u00f1o Ler m\u00e1is Museo Pura Santos Ler m\u00e1is\" \/>\n<meta property=\"og:url\" content=\"https:\/\/www.concelloentrimo.es\/servicios\/\" \/>\n<meta property=\"og:site_name\" content=\"Concello de Entrimo\" \/>\n<meta property=\"article:modified_time\" content=\"2023-09-22T11:23:10+00:00\" \/>\n<meta property=\"og:image\" content=\"https:\/\/www.concelloentrimo.es\/wp-content\/uploads\/2022\/04\/atencion-al-cliente@2x.png\" \/>\n<meta name=\"twitter:card\" content=\"summary_large_image\" \/>\n<meta name=\"twitter:label1\" content=\"Tempo de lectura\" \/>\n\t<meta name=\"twitter:data1\" content=\"2 minutos\" \/>\n<script type=\"application\/ld+json\" class=\"yoast-schema-graph\">{\"@context\":\"https:\/\/schema.org\",\"@graph\":[{\"@type\":\"WebPage\",\"@id\":\"https:\/\/www.concelloentrimo.es\/servicios\/\",\"url\":\"https:\/\/www.concelloentrimo.es\/servicios\/\",\"name\":\"Servizos | Concello de Entrimo\",\"isPartOf\":{\"@id\":\"https:\/\/www.concelloentrimo.es\/#website\"},\"datePublished\":\"2022-04-06T11:04:17+00:00\",\"dateModified\":\"2023-09-22T11:23:10+00:00\",\"breadcrumb\":{\"@id\":\"https:\/\/www.concelloentrimo.es\/servicios\/#breadcrumb\"},\"inLanguage\":\"gl-ES\",\"potentialAction\":[{\"@type\":\"ReadAction\",\"target\":[\"https:\/\/www.concelloentrimo.es\/servicios\/\"]}]},{\"@type\":\"BreadcrumbList\",\"@id\":\"https:\/\/www.concelloentrimo.es\/servicios\/#breadcrumb\",\"itemListElement\":[{\"@type\":\"ListItem\",\"position\":1,\"name\":\"Portada\",\"item\":\"https:\/\/www.concelloentrimo.es\/\"},{\"@type\":\"ListItem\",\"position\":2,\"name\":\"Servizos\"}]},{\"@type\":\"WebSite\",\"@id\":\"https:\/\/www.concelloentrimo.es\/#website\",\"url\":\"https:\/\/www.concelloentrimo.es\/\",\"name\":\"Concello de Entrimo\",\"description\":\"Toda la actualidad, servicios y noticias relacionados con el Concello de Entrimo.\",\"publisher\":{\"@id\":\"https:\/\/www.concelloentrimo.es\/#organization\"},\"potentialAction\":[{\"@type\":\"SearchAction\",\"target\":{\"@type\":\"EntryPoint\",\"urlTemplate\":\"https:\/\/www.concelloentrimo.es\/?s={search_term_string}\"},\"query-input\":\"required name=search_term_string\"}],\"inLanguage\":\"gl-ES\"},{\"@type\":\"Organization\",\"@id\":\"https:\/\/www.concelloentrimo.es\/#organization\",\"name\":\"Concello de Entrimo\",\"url\":\"https:\/\/www.concelloentrimo.es\/\",\"logo\":{\"@type\":\"ImageObject\",\"inLanguage\":\"gl-ES\",\"@id\":\"https:\/\/www.concelloentrimo.es\/#\/schema\/logo\/image\/\",\"url\":\"https:\/\/www.concelloentrimo.es\/wp-content\/uploads\/2022\/04\/escudo.png\",\"contentUrl\":\"https:\/\/www.concelloentrimo.es\/wp-content\/uploads\/2022\/04\/escudo.png\",\"width\":168,\"height\":168,\"caption\":\"Concello de Entrimo\"},\"image\":{\"@id\":\"https:\/\/www.concelloentrimo.es\/#\/schema\/logo\/image\/\"}}]}<\/script>\n<!-- \/ Yoast SEO plugin. -->","yoast_head_json":{"title":"Servizos | Concello de Entrimo","robots":{"index":"index","follow":"follow","max-snippet":"max-snippet:-1","max-image-preview":"max-image-preview:large","max-video-preview":"max-video-preview:-1"},"canonical":"https:\/\/www.concelloentrimo.es\/servicios\/","og_locale":"gl_ES","og_type":"article","og_title":"Servizos | Concello de Entrimo","og_description":"Servizos Consulta todos os nosos servicios. Atenci\u00f3n ao cidad\u00e1n Ler m\u00e1is Servizos sociais Ler m\u00e1is Biblioteca Ler m\u00e1is Casa da cultura Ler m\u00e1is Urbanismo Ler m\u00e1is Casa Ni\u00f1o Ler m\u00e1is Museo Pura Santos Ler m\u00e1is","og_url":"https:\/\/www.concelloentrimo.es\/servicios\/","og_site_name":"Concello de Entrimo","article_modified_time":"2023-09-22T11:23:10+00:00","og_image":[{"url":"https:\/\/www.concelloentrimo.es\/wp-content\/uploads\/2022\/04\/atencion-al-cliente@2x.png"}],"twitter_card":"summary_large_image","twitter_misc":{"Tempo de lectura":"2 minutos"},"schema":{"@context":"https:\/\/schema.org","@graph":[{"@type":"WebPage","@id":"https:\/\/www.concelloentrimo.es\/servicios\/","url":"https:\/\/www.concelloentrimo.es\/servicios\/","name":"Servizos | Concello de Entrimo","isPartOf":{"@id":"https:\/\/www.concelloentrimo.es\/#website"},"datePublished":"2022-04-06T11:04:17+00:00","dateModified":"2023-09-22T11:23:10+00:00","breadcrumb":{"@id":"https:\/\/www.concelloentrimo.es\/servicios\/#breadcrumb"},"inLanguage":"gl-ES","potentialAction":[{"@type":"ReadAction","target":["https:\/\/www.concelloentrimo.es\/servicios\/"]}]},{"@type":"BreadcrumbList","@id":"https:\/\/www.concelloentrimo.es\/servicios\/#breadcrumb","itemListElement":[{"@type":"ListItem","position":1,"name":"Portada","item":"https:\/\/www.concelloentrimo.es\/"},{"@type":"ListItem","position":2,"name":"Servizos"}]},{"@type":"WebSite","@id":"https:\/\/www.concelloentrimo.es\/#website","url":"https:\/\/www.concelloentrimo.es\/","name":"Concello de Entrimo","description":"Toda la actualidad, servicios y noticias relacionados con el Concello de Entrimo.","publisher":{"@id":"https:\/\/www.concelloentrimo.es\/#organization"},"potentialAction":[{"@type":"SearchAction","target":{"@type":"EntryPoint","urlTemplate":"https:\/\/www.concelloentrimo.es\/?s={search_term_string}"},"query-input":"required name=search_term_string"}],"inLanguage":"gl-ES"},{"@type":"Organization","@id":"https:\/\/www.concelloentrimo.es\/#organization","name":"Concello de Entrimo","url":"https:\/\/www.concelloentrimo.es\/","logo":{"@type":"ImageObject","inLanguage":"gl-ES","@id":"https:\/\/www.concelloentrimo.es\/#\/schema\/logo\/image\/","url":"https:\/\/www.concelloentrimo.es\/wp-content\/uploads\/2022\/04\/escudo.png","contentUrl":"https:\/\/www.concelloentrimo.es\/wp-content\/uploads\/2022\/04\/escudo.png","width":168,"height":168,"caption":"Concello de Entrimo"},"image":{"@id":"https:\/\/www.concelloentrimo.es\/#\/schema\/logo\/image\/"}}]}},"_links":{"self":[{"href":"https:\/\/www.concelloentrimo.es\/gl\/wp-json\/wp\/v2\/pages\/1182"}],"collection":[{"href":"https:\/\/www.concelloentrimo.es\/gl\/wp-json\/wp\/v2\/pages"}],"about":[{"href":"https:\/\/www.concelloentrimo.es\/gl\/wp-json\/wp\/v2\/types\/page"}],"author":[{"embeddable":true,"href":"https:\/\/www.concelloentrimo.es\/gl\/wp-json\/wp\/v2\/users\/1"}],"replies":[{"embeddable":true,"href":"https:\/\/www.concelloentrimo.es\/gl\/wp-json\/wp\/v2\/comments?post=1182"}],"version-history":[{"count":19,"href":"https:\/\/www.concelloentrimo.es\/gl\/wp-json\/wp\/v2\/pages\/1182\/revisions"}],"predecessor-version":[{"id":2160,"href":"https:\/\/www.concelloentrimo.es\/gl\/wp-json\/wp\/v2\/pages\/1182\/revisions\/2160"}],"wp:attachment":[{"href":"https:\/\/www.concelloentrimo.es\/gl\/wp-json\/wp\/v2\/media?parent=1182"}],"curies":[{"name":"wp","href":"https:\/\/api.w.org\/{rel}","templated":true}]}}