{"id":1191,"date":"2022-04-11T15:25:05","date_gmt":"2022-04-11T15:25:05","guid":{"rendered":"https:\/\/entrimo.des2.net\/servizos\/atencion-o-ciudadan\/"},"modified":"2023-09-22T11:27:12","modified_gmt":"2023-09-22T11:27:12","slug":"atencion-o-ciudadan","status":"publish","type":"page","link":"https:\/\/www.concelloentrimo.es\/gl\/servizos\/atencion-o-ciudadan\/","title":{"rendered":"Atenci\u00f3n ao ciudad\u00e1n"},"content":{"rendered":"\t\t<div data-elementor-type=\"wp-page\" data-elementor-id=\"1191\" class=\"elementor elementor-1191\" data-elementor-post-type=\"page\">\n\t\t\t\t\t\t\t\t\t<section class=\"elementor-section elementor-top-section elementor-element elementor-element-72db07ae elementor-section-full_width elementor-section-height-min-height elementor-section-height-default elementor-section-items-middle\" data-id=\"72db07ae\" data-element_type=\"section\" data-settings=\"{&quot;background_background&quot;:&quot;classic&quot;}\">\n\t\t\t\t\t\t\t<div class=\"elementor-background-overlay\"><\/div>\n\t\t\t\t\t\t\t<div class=\"elementor-container elementor-column-gap-default\">\n\t\t\t\t\t<div class=\"elementor-column elementor-col-100 elementor-top-column elementor-element elementor-element-1775fee3\" data-id=\"1775fee3\" data-element_type=\"column\">\n\t\t\t<div class=\"elementor-widget-wrap elementor-element-populated\">\n\t\t\t\t\t\t\t\t<section class=\"elementor-section elementor-inner-section elementor-element elementor-element-4d411e01 elementor-section-boxed elementor-section-height-default elementor-section-height-default\" data-id=\"4d411e01\" data-element_type=\"section\">\n\t\t\t\t\t\t<div class=\"elementor-container elementor-column-gap-default\">\n\t\t\t\t\t<div class=\"elementor-column elementor-col-100 elementor-inner-column elementor-element elementor-element-190ef697\" data-id=\"190ef697\" data-element_type=\"column\">\n\t\t\t<div class=\"elementor-widget-wrap elementor-element-populated\">\n\t\t\t\t\t\t\t\t<div class=\"elementor-element elementor-element-13e3fad0 elementor-widget elementor-widget-heading\" data-id=\"13e3fad0\" data-element_type=\"widget\" data-widget_type=\"heading.default\">\n\t\t\t\t<div class=\"elementor-widget-container\">\n\t\t\t<style>\/*! elementor - v3.15.0 - 20-08-2023 *\/\n.elementor-heading-title{padding:0;margin:0;line-height:1}.elementor-widget-heading .elementor-heading-title[class*=elementor-size-]>a{color:inherit;font-size:inherit;line-height:inherit}.elementor-widget-heading .elementor-heading-title.elementor-size-small{font-size:15px}.elementor-widget-heading .elementor-heading-title.elementor-size-medium{font-size:19px}.elementor-widget-heading .elementor-heading-title.elementor-size-large{font-size:29px}.elementor-widget-heading .elementor-heading-title.elementor-size-xl{font-size:39px}.elementor-widget-heading .elementor-heading-title.elementor-size-xxl{font-size:59px}<\/style><h1 class=\"elementor-heading-title elementor-size-default\">Atenci\u00f3n ao Cidad\u00e1n<\/h1>\t\t<\/div>\n\t\t\t\t<\/div>\n\t\t\t\t\t<\/div>\n\t\t<\/div>\n\t\t\t\t\t\t\t<\/div>\n\t\t<\/section>\n\t\t\t\t\t<\/div>\n\t\t<\/div>\n\t\t\t\t\t\t\t<\/div>\n\t\t<\/section>\n\t\t\t\t<section class=\"elementor-section elementor-top-section elementor-element elementor-element-72a152e elementor-section-boxed elementor-section-height-default elementor-section-height-default\" data-id=\"72a152e\" data-element_type=\"section\">\n\t\t\t\t\t\t<div class=\"elementor-container elementor-column-gap-default\">\n\t\t\t\t\t<div class=\"elementor-column elementor-col-100 elementor-top-column elementor-element elementor-element-f97f1a3\" data-id=\"f97f1a3\" data-element_type=\"column\">\n\t\t\t<div class=\"elementor-widget-wrap elementor-element-populated\">\n\t\t\t\t\t\t\t\t<div class=\"elementor-element elementor-element-90a3336 elementor-tablet-align-center elementor-mobile-align-left elementor-icon-list--layout-traditional elementor-list-item-link-full_width elementor-widget elementor-widget-icon-list\" data-id=\"90a3336\" data-element_type=\"widget\" data-widget_type=\"icon-list.default\">\n\t\t\t\t<div class=\"elementor-widget-container\">\n\t\t\t<link rel=\"stylesheet\" href=\"https:\/\/www.concelloentrimo.es\/wp-content\/plugins\/elementor\/assets\/css\/widget-icon-list.min.css\">\t\t<ul class=\"elementor-icon-list-items\">\n\t\t\t\t\t\t\t<li class=\"elementor-icon-list-item\">\n\t\t\t\t\t\t\t\t\t\t\t<span class=\"elementor-icon-list-icon\">\n\t\t\t\t\t\t\t<i aria-hidden=\"true\" class=\"fas fa-clock\"><\/i>\t\t\t\t\t\t<\/span>\n\t\t\t\t\t\t\t\t\t\t<span class=\"elementor-icon-list-text\">Horario de luns a venres 8:30 h. - 14:30 h.<\/span>\n\t\t\t\t\t\t\t\t\t<\/li>\n\t\t\t\t\t\t<\/ul>\n\t\t\t\t<\/div>\n\t\t\t\t<\/div>\n\t\t\t\t<div class=\"elementor-element elementor-element-7576632 elementor-tablet-align-center elementor-mobile-align-left elementor-icon-list--layout-traditional elementor-list-item-link-full_width elementor-widget elementor-widget-icon-list\" data-id=\"7576632\" data-element_type=\"widget\" data-widget_type=\"icon-list.default\">\n\t\t\t\t<div class=\"elementor-widget-container\">\n\t\t\t\t\t<ul class=\"elementor-icon-list-items\">\n\t\t\t\t\t\t\t<li class=\"elementor-icon-list-item\">\n\t\t\t\t\t\t\t\t\t\t\t<span class=\"elementor-icon-list-icon\">\n\t\t\t\t\t\t\t<i aria-hidden=\"true\" class=\"fas fa-phone-alt\"><\/i>\t\t\t\t\t\t<\/span>\n\t\t\t\t\t\t\t\t\t\t<span class=\"elementor-icon-list-text\">Tel\u00e9fono: 988 43 46 66 <\/span>\n\t\t\t\t\t\t\t\t\t<\/li>\n\t\t\t\t\t\t<\/ul>\n\t\t\t\t<\/div>\n\t\t\t\t<\/div>\n\t\t\t\t<div class=\"elementor-element elementor-element-d603a46 elementor-tablet-align-center elementor-mobile-align-left elementor-icon-list--layout-traditional elementor-list-item-link-full_width elementor-widget elementor-widget-icon-list\" data-id=\"d603a46\" data-element_type=\"widget\" data-widget_type=\"icon-list.default\">\n\t\t\t\t<div class=\"elementor-widget-container\">\n\t\t\t\t\t<ul class=\"elementor-icon-list-items\">\n\t\t\t\t\t\t\t<li class=\"elementor-icon-list-item\">\n\t\t\t\t\t\t\t\t\t\t\t<span class=\"elementor-icon-list-icon\">\n\t\t\t\t\t\t\t<i aria-hidden=\"true\" class=\"fas fa-envelope\"><\/i>\t\t\t\t\t\t<\/span>\n\t\t\t\t\t\t\t\t\t\t<span class=\"elementor-icon-list-text\">Email: concello.entrimo@eidolocal.es<\/span>\n\t\t\t\t\t\t\t\t\t<\/li>\n\t\t\t\t\t\t<\/ul>\n\t\t\t\t<\/div>\n\t\t\t\t<\/div>\n\t\t\t\t<div class=\"elementor-element elementor-element-e583ece elementor-widget elementor-widget-text-editor\" data-id=\"e583ece\" data-element_type=\"widget\" id=\"list-atencion-ciudadano\" data-widget_type=\"text-editor.default\">\n\t\t\t\t<div class=\"elementor-widget-container\">\n\t\t\t<style>\/*! elementor - v3.15.0 - 20-08-2023 *\/\n.elementor-widget-text-editor.elementor-drop-cap-view-stacked .elementor-drop-cap{background-color:#69727d;color:#fff}.elementor-widget-text-editor.elementor-drop-cap-view-framed .elementor-drop-cap{color:#69727d;border:3px solid;background-color:transparent}.elementor-widget-text-editor:not(.elementor-drop-cap-view-default) .elementor-drop-cap{margin-top:8px}.elementor-widget-text-editor:not(.elementor-drop-cap-view-default) .elementor-drop-cap-letter{width:1em;height:1em}.elementor-widget-text-editor .elementor-drop-cap{float:left;text-align:center;line-height:1;font-size:50px}.elementor-widget-text-editor .elementor-drop-cap-letter{display:inline-block}<\/style>\t\t\t\t<ul>\n \t<li>Estat\u00edstica-padr\u00f3n de habitantes.<\/li>\n \t<li>Licenzas urban\u00edsticas e de apertura.<\/li>\n \t<li>Servizo de recadaci\u00f3n: IBI, r\u00fastica, lixo, imposto de veh\u00edculos.<\/li>\n \t<li>Punto de informaci\u00f3n e xesti\u00f3n catastral (PIC).<\/li>\n \t<li>Autorizaci\u00f3n de festas.<\/li>\n<\/ul>\t\t\t\t\t\t<\/div>\n\t\t\t\t<\/div>\n\t\t\t\t\t<\/div>\n\t\t<\/div>\n\t\t\t\t\t\t\t<\/div>\n\t\t<\/section>\n\t\t\t\t\t\t\t<\/div>\n\t\t","protected":false},"excerpt":{"rendered":"<p>Atenci\u00f3n ao Cidad\u00e1n Horario de luns a venres 8:30 h. &#8211; 14:30 h. Tel\u00e9fono: 988 43 46 66 Email: concello.entrimo@eidolocal.es Estat\u00edstica-padr\u00f3n de habitantes. Licenzas urban\u00edsticas e de apertura. Servizo de recadaci\u00f3n: IBI, r\u00fastica, lixo, imposto de veh\u00edculos. Punto de informaci\u00f3n e xesti\u00f3n catastral (PIC). Autorizaci\u00f3n de festas.<\/p>\n","protected":false},"author":1,"featured_media":0,"parent":1182,"menu_order":0,"comment_status":"closed","ping_status":"closed","template":"","meta":{"footnotes":""},"acf":[],"yoast_head":"<!-- This site is optimized with the Yoast SEO plugin v21.1 - https:\/\/yoast.com\/wordpress\/plugins\/seo\/ -->\n<title>Atenci\u00f3n ao ciudad\u00e1n | Concello de Entrimo<\/title>\n<meta name=\"robots\" content=\"index, follow, max-snippet:-1, max-image-preview:large, max-video-preview:-1\" \/>\n<link rel=\"canonical\" href=\"https:\/\/www.concelloentrimo.es\/servicios\/atencion-o-ciudadan\/\" \/>\n<meta property=\"og:locale\" content=\"gl_ES\" \/>\n<meta property=\"og:type\" content=\"article\" \/>\n<meta property=\"og:title\" content=\"Atenci\u00f3n ao ciudad\u00e1n | Concello de Entrimo\" \/>\n<meta property=\"og:description\" content=\"Atenci\u00f3n ao Cidad\u00e1n Horario de luns a venres 8:30 h. &#8211; 14:30 h. Tel\u00e9fono: 988 43 46 66 Email: concello.entrimo@eidolocal.es Estat\u00edstica-padr\u00f3n de habitantes. Licenzas urban\u00edsticas e de apertura. Servizo de recadaci\u00f3n: IBI, r\u00fastica, lixo, imposto de veh\u00edculos. Punto de informaci\u00f3n e xesti\u00f3n catastral (PIC). Autorizaci\u00f3n de festas.\" \/>\n<meta property=\"og:url\" content=\"https:\/\/www.concelloentrimo.es\/servicios\/atencion-o-ciudadan\/\" \/>\n<meta property=\"og:site_name\" content=\"Concello de Entrimo\" \/>\n<meta property=\"article:modified_time\" content=\"2023-09-22T11:27:12+00:00\" \/>\n<meta name=\"twitter:card\" content=\"summary_large_image\" \/>\n<meta name=\"twitter:label1\" content=\"Tempo de lectura\" \/>\n\t<meta name=\"twitter:data1\" content=\"1 minuto\" \/>\n<script type=\"application\/ld+json\" class=\"yoast-schema-graph\">{\"@context\":\"https:\/\/schema.org\",\"@graph\":[{\"@type\":\"WebPage\",\"@id\":\"https:\/\/www.concelloentrimo.es\/servicios\/atencion-o-ciudadan\/\",\"url\":\"https:\/\/www.concelloentrimo.es\/servicios\/atencion-o-ciudadan\/\",\"name\":\"Atenci\u00f3n ao ciudad\u00e1n | Concello de Entrimo\",\"isPartOf\":{\"@id\":\"https:\/\/www.concelloentrimo.es\/#website\"},\"datePublished\":\"2022-04-11T15:25:05+00:00\",\"dateModified\":\"2023-09-22T11:27:12+00:00\",\"breadcrumb\":{\"@id\":\"https:\/\/www.concelloentrimo.es\/servicios\/atencion-o-ciudadan\/#breadcrumb\"},\"inLanguage\":\"gl-ES\",\"potentialAction\":[{\"@type\":\"ReadAction\",\"target\":[\"https:\/\/www.concelloentrimo.es\/servicios\/atencion-o-ciudadan\/\"]}]},{\"@type\":\"BreadcrumbList\",\"@id\":\"https:\/\/www.concelloentrimo.es\/servicios\/atencion-o-ciudadan\/#breadcrumb\",\"itemListElement\":[{\"@type\":\"ListItem\",\"position\":1,\"name\":\"Portada\",\"item\":\"https:\/\/www.concelloentrimo.es\/\"},{\"@type\":\"ListItem\",\"position\":2,\"name\":\"Servizos\",\"item\":\"https:\/\/www.concelloentrimo.es\/servicios\/\"},{\"@type\":\"ListItem\",\"position\":3,\"name\":\"Atenci\u00f3n ao ciudad\u00e1n\"}]},{\"@type\":\"WebSite\",\"@id\":\"https:\/\/www.concelloentrimo.es\/#website\",\"url\":\"https:\/\/www.concelloentrimo.es\/\",\"name\":\"Concello de Entrimo\",\"description\":\"Toda la actualidad, servicios y noticias relacionados con el Concello de Entrimo.\",\"publisher\":{\"@id\":\"https:\/\/www.concelloentrimo.es\/#organization\"},\"potentialAction\":[{\"@type\":\"SearchAction\",\"target\":{\"@type\":\"EntryPoint\",\"urlTemplate\":\"https:\/\/www.concelloentrimo.es\/?s={search_term_string}\"},\"query-input\":\"required name=search_term_string\"}],\"inLanguage\":\"gl-ES\"},{\"@type\":\"Organization\",\"@id\":\"https:\/\/www.concelloentrimo.es\/#organization\",\"name\":\"Concello de Entrimo\",\"url\":\"https:\/\/www.concelloentrimo.es\/\",\"logo\":{\"@type\":\"ImageObject\",\"inLanguage\":\"gl-ES\",\"@id\":\"https:\/\/www.concelloentrimo.es\/#\/schema\/logo\/image\/\",\"url\":\"https:\/\/www.concelloentrimo.es\/wp-content\/uploads\/2022\/04\/escudo.png\",\"contentUrl\":\"https:\/\/www.concelloentrimo.es\/wp-content\/uploads\/2022\/04\/escudo.png\",\"width\":168,\"height\":168,\"caption\":\"Concello de Entrimo\"},\"image\":{\"@id\":\"https:\/\/www.concelloentrimo.es\/#\/schema\/logo\/image\/\"}}]}<\/script>\n<!-- \/ Yoast SEO plugin. -->","yoast_head_json":{"title":"Atenci\u00f3n ao ciudad\u00e1n | Concello de Entrimo","robots":{"index":"index","follow":"follow","max-snippet":"max-snippet:-1","max-image-preview":"max-image-preview:large","max-video-preview":"max-video-preview:-1"},"canonical":"https:\/\/www.concelloentrimo.es\/servicios\/atencion-o-ciudadan\/","og_locale":"gl_ES","og_type":"article","og_title":"Atenci\u00f3n ao ciudad\u00e1n | Concello de Entrimo","og_description":"Atenci\u00f3n ao Cidad\u00e1n Horario de luns a venres 8:30 h. &#8211; 14:30 h. Tel\u00e9fono: 988 43 46 66 Email: concello.entrimo@eidolocal.es Estat\u00edstica-padr\u00f3n de habitantes. Licenzas urban\u00edsticas e de apertura. Servizo de recadaci\u00f3n: IBI, r\u00fastica, lixo, imposto de veh\u00edculos. Punto de informaci\u00f3n e xesti\u00f3n catastral (PIC). Autorizaci\u00f3n de festas.","og_url":"https:\/\/www.concelloentrimo.es\/servicios\/atencion-o-ciudadan\/","og_site_name":"Concello de Entrimo","article_modified_time":"2023-09-22T11:27:12+00:00","twitter_card":"summary_large_image","twitter_misc":{"Tempo de lectura":"1 minuto"},"schema":{"@context":"https:\/\/schema.org","@graph":[{"@type":"WebPage","@id":"https:\/\/www.concelloentrimo.es\/servicios\/atencion-o-ciudadan\/","url":"https:\/\/www.concelloentrimo.es\/servicios\/atencion-o-ciudadan\/","name":"Atenci\u00f3n ao ciudad\u00e1n | Concello de Entrimo","isPartOf":{"@id":"https:\/\/www.concelloentrimo.es\/#website"},"datePublished":"2022-04-11T15:25:05+00:00","dateModified":"2023-09-22T11:27:12+00:00","breadcrumb":{"@id":"https:\/\/www.concelloentrimo.es\/servicios\/atencion-o-ciudadan\/#breadcrumb"},"inLanguage":"gl-ES","potentialAction":[{"@type":"ReadAction","target":["https:\/\/www.concelloentrimo.es\/servicios\/atencion-o-ciudadan\/"]}]},{"@type":"BreadcrumbList","@id":"https:\/\/www.concelloentrimo.es\/servicios\/atencion-o-ciudadan\/#breadcrumb","itemListElement":[{"@type":"ListItem","position":1,"name":"Portada","item":"https:\/\/www.concelloentrimo.es\/"},{"@type":"ListItem","position":2,"name":"Servizos","item":"https:\/\/www.concelloentrimo.es\/servicios\/"},{"@type":"ListItem","position":3,"name":"Atenci\u00f3n ao ciudad\u00e1n"}]},{"@type":"WebSite","@id":"https:\/\/www.concelloentrimo.es\/#website","url":"https:\/\/www.concelloentrimo.es\/","name":"Concello de Entrimo","description":"Toda la actualidad, servicios y noticias relacionados con el Concello de Entrimo.","publisher":{"@id":"https:\/\/www.concelloentrimo.es\/#organization"},"potentialAction":[{"@type":"SearchAction","target":{"@type":"EntryPoint","urlTemplate":"https:\/\/www.concelloentrimo.es\/?s={search_term_string}"},"query-input":"required name=search_term_string"}],"inLanguage":"gl-ES"},{"@type":"Organization","@id":"https:\/\/www.concelloentrimo.es\/#organization","name":"Concello de Entrimo","url":"https:\/\/www.concelloentrimo.es\/","logo":{"@type":"ImageObject","inLanguage":"gl-ES","@id":"https:\/\/www.concelloentrimo.es\/#\/schema\/logo\/image\/","url":"https:\/\/www.concelloentrimo.es\/wp-content\/uploads\/2022\/04\/escudo.png","contentUrl":"https:\/\/www.concelloentrimo.es\/wp-content\/uploads\/2022\/04\/escudo.png","width":168,"height":168,"caption":"Concello de Entrimo"},"image":{"@id":"https:\/\/www.concelloentrimo.es\/#\/schema\/logo\/image\/"}}]}},"_links":{"self":[{"href":"https:\/\/www.concelloentrimo.es\/gl\/wp-json\/wp\/v2\/pages\/1191"}],"collection":[{"href":"https:\/\/www.concelloentrimo.es\/gl\/wp-json\/wp\/v2\/pages"}],"about":[{"href":"https:\/\/www.concelloentrimo.es\/gl\/wp-json\/wp\/v2\/types\/page"}],"author":[{"embeddable":true,"href":"https:\/\/www.concelloentrimo.es\/gl\/wp-json\/wp\/v2\/users\/1"}],"replies":[{"embeddable":true,"href":"https:\/\/www.concelloentrimo.es\/gl\/wp-json\/wp\/v2\/comments?post=1191"}],"version-history":[{"count":16,"href":"https:\/\/www.concelloentrimo.es\/gl\/wp-json\/wp\/v2\/pages\/1191\/revisions"}],"predecessor-version":[{"id":2169,"href":"https:\/\/www.concelloentrimo.es\/gl\/wp-json\/wp\/v2\/pages\/1191\/revisions\/2169"}],"up":[{"embeddable":true,"href":"https:\/\/www.concelloentrimo.es\/gl\/wp-json\/wp\/v2\/pages\/1182"}],"wp:attachment":[{"href":"https:\/\/www.concelloentrimo.es\/gl\/wp-json\/wp\/v2\/media?parent=1191"}],"curies":[{"name":"wp","href":"https:\/\/api.w.org\/{rel}","templated":true}]}}