{"id":1231,"date":"2023-01-30T11:32:02","date_gmt":"2023-01-30T11:32:02","guid":{"rendered":"https:\/\/entrimo.des2.net\/rutas-de-senderismo-2\/"},"modified":"2023-05-15T09:33:07","modified_gmt":"2023-05-15T09:33:07","slug":"trial","status":"publish","type":"page","link":"https:\/\/www.concelloentrimo.es\/gl\/trial\/","title":{"rendered":"Trial"},"content":{"rendered":"\t\t<div data-elementor-type=\"wp-page\" data-elementor-id=\"1231\" class=\"elementor elementor-1231\" data-elementor-post-type=\"page\">\n\t\t\t\t\t\t\t\t\t<section class=\"elementor-section elementor-top-section elementor-element elementor-element-5fb0d5 elementor-section-full_width elementor-section-height-min-height elementor-section-height-default elementor-section-items-middle\" data-id=\"5fb0d5\" data-element_type=\"section\" data-settings=\"{&quot;background_background&quot;:&quot;classic&quot;}\">\n\t\t\t\t\t\t\t<div class=\"elementor-background-overlay\"><\/div>\n\t\t\t\t\t\t\t<div class=\"elementor-container elementor-column-gap-default\">\n\t\t\t\t\t<div class=\"elementor-column elementor-col-100 elementor-top-column elementor-element elementor-element-1f7e4212\" data-id=\"1f7e4212\" data-element_type=\"column\">\n\t\t\t<div class=\"elementor-widget-wrap elementor-element-populated\">\n\t\t\t\t\t\t\t\t<section class=\"elementor-section elementor-inner-section elementor-element elementor-element-5d9a7de3 elementor-section-boxed elementor-section-height-default elementor-section-height-default\" data-id=\"5d9a7de3\" data-element_type=\"section\">\n\t\t\t\t\t\t<div class=\"elementor-container elementor-column-gap-default\">\n\t\t\t\t\t<div class=\"elementor-column elementor-col-100 elementor-inner-column elementor-element elementor-element-2e011c61\" data-id=\"2e011c61\" data-element_type=\"column\">\n\t\t\t<div class=\"elementor-widget-wrap elementor-element-populated\">\n\t\t\t\t\t\t\t\t<div class=\"elementor-element elementor-element-4730c6e8 elementor-widget elementor-widget-heading\" data-id=\"4730c6e8\" data-element_type=\"widget\" data-widget_type=\"heading.default\">\n\t\t\t\t<div class=\"elementor-widget-container\">\n\t\t\t<style>\/*! elementor - v3.15.0 - 20-08-2023 *\/\n.elementor-heading-title{padding:0;margin:0;line-height:1}.elementor-widget-heading .elementor-heading-title[class*=elementor-size-]>a{color:inherit;font-size:inherit;line-height:inherit}.elementor-widget-heading .elementor-heading-title.elementor-size-small{font-size:15px}.elementor-widget-heading .elementor-heading-title.elementor-size-medium{font-size:19px}.elementor-widget-heading .elementor-heading-title.elementor-size-large{font-size:29px}.elementor-widget-heading .elementor-heading-title.elementor-size-xl{font-size:39px}.elementor-widget-heading .elementor-heading-title.elementor-size-xxl{font-size:59px}<\/style><h1 class=\"elementor-heading-title elementor-size-default\">Trial<\/h1>\t\t<\/div>\n\t\t\t\t<\/div>\n\t\t\t\t\t<\/div>\n\t\t<\/div>\n\t\t\t\t\t\t\t<\/div>\n\t\t<\/section>\n\t\t\t\t\t<\/div>\n\t\t<\/div>\n\t\t\t\t\t\t\t<\/div>\n\t\t<\/section>\n\t\t\t\t<section class=\"elementor-section elementor-top-section elementor-element elementor-element-48ba4b6 elementor-section-boxed elementor-section-height-default elementor-section-height-default\" data-id=\"48ba4b6\" data-element_type=\"section\" data-settings=\"{&quot;background_background&quot;:&quot;classic&quot;}\">\n\t\t\t\t\t\t<div class=\"elementor-container elementor-column-gap-default\">\n\t\t\t\t\t<div class=\"elementor-column elementor-col-100 elementor-top-column elementor-element elementor-element-3eec23e\" data-id=\"3eec23e\" data-element_type=\"column\">\n\t\t\t<div class=\"elementor-widget-wrap elementor-element-populated\">\n\t\t\t\t\t\t\t\t<div class=\"elementor-element elementor-element-4e9adf3 elementor-widget elementor-widget-text-editor\" data-id=\"4e9adf3\" data-element_type=\"widget\" data-widget_type=\"text-editor.default\">\n\t\t\t\t<div class=\"elementor-widget-container\">\n\t\t\t<style>\/*! elementor - v3.15.0 - 20-08-2023 *\/\n.elementor-widget-text-editor.elementor-drop-cap-view-stacked .elementor-drop-cap{background-color:#69727d;color:#fff}.elementor-widget-text-editor.elementor-drop-cap-view-framed .elementor-drop-cap{color:#69727d;border:3px solid;background-color:transparent}.elementor-widget-text-editor:not(.elementor-drop-cap-view-default) .elementor-drop-cap{margin-top:8px}.elementor-widget-text-editor:not(.elementor-drop-cap-view-default) .elementor-drop-cap-letter{width:1em;height:1em}.elementor-widget-text-editor .elementor-drop-cap{float:left;text-align:center;line-height:1;font-size:50px}.elementor-widget-text-editor .elementor-drop-cap-letter{display:inline-block}<\/style>\t\t\t\t<p>O interese por este deporte no noso concello rem\u00f3ntase aos anos 80 do s\u00e9culo pasado cando Paco Paz, pioneiro da pr\u00e1ctica de trial en Entrimo, plantou a semente dunha grande afecci\u00f3n que foi crecendo en adeptos e que se manifesta&nbsp; na realizaci\u00f3n de numerosas probas oficiais.&nbsp;<br><\/p>\n<p><br><\/p>\n<p>Este entusiasmo consol\u00eddase no ano 2007 coa fundaci\u00f3n do Moto Club Trial Entrimo. Mario V\u00e1zquez, presidente do club, xunto cos demais membros, demostraron a s\u00faa profesionalidade na organizaci\u00f3n DAS probas oficiais do Campionato galego e do Campionato de Espa\u00f1a de trial, competici\u00f3n que ten un marcado car\u00e1cter internacional pola procedencia das e dos pilotos que participan.<br><\/p><p><br><\/p>\n<p>A Federaci\u00f3n espa\u00f1ola de Trial decidiu realizar en Entrimo unha das nove probas do Campionato de Espa\u00f1a o 24 de setembro de 2023, avalando coa s\u00faa confianza o bo traballo realizado polo Moto Club Trial Entrimo en anos anteriores.<br><\/p>\t\t\t\t\t\t<\/div>\n\t\t\t\t<\/div>\n\t\t\t\t<div class=\"elementor-element elementor-element-73f4563 elementor-arrows-position-inside elementor-pagination-position-outside elementor-widget elementor-widget-image-carousel\" data-id=\"73f4563\" data-element_type=\"widget\" data-settings=\"{&quot;slides_to_show&quot;:&quot;4&quot;,&quot;navigation&quot;:&quot;both&quot;,&quot;autoplay&quot;:&quot;yes&quot;,&quot;pause_on_hover&quot;:&quot;yes&quot;,&quot;pause_on_interaction&quot;:&quot;yes&quot;,&quot;autoplay_speed&quot;:5000,&quot;infinite&quot;:&quot;yes&quot;,&quot;speed&quot;:500,&quot;image_spacing_custom&quot;:{&quot;unit&quot;:&quot;px&quot;,&quot;size&quot;:20,&quot;sizes&quot;:[]},&quot;image_spacing_custom_tablet&quot;:{&quot;unit&quot;:&quot;px&quot;,&quot;size&quot;:&quot;&quot;,&quot;sizes&quot;:[]},&quot;image_spacing_custom_mobile&quot;:{&quot;unit&quot;:&quot;px&quot;,&quot;size&quot;:&quot;&quot;,&quot;sizes&quot;:[]}}\" data-widget_type=\"image-carousel.default\">\n\t\t\t\t<div class=\"elementor-widget-container\">\n\t\t\t<style>\/*! elementor - v3.15.0 - 20-08-2023 *\/\n.elementor-widget-image-carousel .swiper,.elementor-widget-image-carousel .swiper-container{position:static}.elementor-widget-image-carousel .swiper-container .swiper-slide figure,.elementor-widget-image-carousel .swiper .swiper-slide figure{line-height:inherit}.elementor-widget-image-carousel .swiper-slide{text-align:center}.elementor-image-carousel-wrapper:not(.swiper-container-initialized):not(.swiper-initialized) .swiper-slide{max-width:calc(100% \/ var(--e-image-carousel-slides-to-show, 3))}<\/style>\t\t<div class=\"elementor-image-carousel-wrapper swiper-container\" dir=\"ltr\">\n\t\t\t<div class=\"elementor-image-carousel swiper-wrapper\" aria-live=\"off\">\n\t\t\t\t\t\t\t\t<div class=\"swiper-slide\" role=\"group\" aria-roledescription=\"slide\" aria-label=\"1 of 5\"><figure class=\"swiper-slide-inner\"><img decoding=\"async\" class=\"swiper-slide-image\" src=\"https:\/\/www.concelloentrimo.es\/wp-content\/uploads\/elementor\/thumbs\/image2-q1f6sdrg5gndg9fvsb4al3zcad717tk808e5pmt85k.jpg\" alt=\"image2\" \/><\/figure><\/div><div class=\"swiper-slide\" role=\"group\" aria-roledescription=\"slide\" aria-label=\"2 of 5\"><figure class=\"swiper-slide-inner\"><img decoding=\"async\" class=\"swiper-slide-image\" src=\"https:\/\/www.concelloentrimo.es\/wp-content\/uploads\/elementor\/thumbs\/image3-q1f6sepacaonrveimtix5lqsvr2efinycd1n6wrtzc.jpg\" alt=\"image3\" \/><\/figure><\/div><div class=\"swiper-slide\" role=\"group\" aria-roledescription=\"slide\" aria-label=\"3 of 5\"><figure class=\"swiper-slide-inner\"><img decoding=\"async\" class=\"swiper-slide-image\" src=\"https:\/\/www.concelloentrimo.es\/wp-content\/uploads\/elementor\/thumbs\/image4-q1f6sgkypyr8f3bsbuc6al9q2it4uwvf0mcm5gp1mw.jpg\" alt=\"image4\" \/><\/figure><\/div><div class=\"swiper-slide\" role=\"group\" aria-roledescription=\"slide\" aria-label=\"4 of 5\"><figure class=\"swiper-slide-inner\"><img decoding=\"async\" class=\"swiper-slide-image\" src=\"https:\/\/www.concelloentrimo.es\/wp-content\/uploads\/elementor\/thumbs\/image5-q1f6shiswssiqpaf6cqsv316nwoi2lz5cr03mqnngo.jpg\" alt=\"image5\" \/><\/figure><\/div><div class=\"swiper-slide\" role=\"group\" aria-roledescription=\"slide\" aria-label=\"5 of 5\"><figure class=\"swiper-slide-inner\"><img decoding=\"async\" class=\"swiper-slide-image\" src=\"https:\/\/www.concelloentrimo.es\/wp-content\/uploads\/elementor\/thumbs\/image1-q1f6sign3mtt2b920v5ffksn9ajvab2vovnl40m9ag.jpg\" alt=\"image1\" \/><\/figure><\/div>\t\t\t<\/div>\n\t\t\t\t\t\t\t\t\t\t\t\t<div class=\"elementor-swiper-button elementor-swiper-button-prev\" role=\"button\" tabindex=\"0\">\n\t\t\t\t\t\t<i aria-hidden=\"true\" class=\"eicon-chevron-left\"><\/i>\t\t\t\t\t<\/div>\n\t\t\t\t\t<div class=\"elementor-swiper-button elementor-swiper-button-next\" role=\"button\" tabindex=\"0\">\n\t\t\t\t\t\t<i aria-hidden=\"true\" class=\"eicon-chevron-right\"><\/i>\t\t\t\t\t<\/div>\n\t\t\t\t\n\t\t\t\t\t\t\t\t\t<div class=\"swiper-pagination\"><\/div>\n\t\t\t\t\t\t\t\t\t<\/div>\n\t\t\t\t<\/div>\n\t\t\t\t<\/div>\n\t\t\t\t\t<\/div>\n\t\t<\/div>\n\t\t\t\t\t\t\t<\/div>\n\t\t<\/section>\n\t\t\t\t\t\t\t<\/div>\n\t\t","protected":false},"excerpt":{"rendered":"<p>Trial O interese por este deporte no noso concello rem\u00f3ntase aos anos 80 do s\u00e9culo pasado cando Paco Paz, pioneiro da pr\u00e1ctica de trial en Entrimo, plantou a semente dunha grande afecci\u00f3n que foi crecendo en adeptos e que se manifesta&nbsp; na realizaci\u00f3n de numerosas probas oficiais.&nbsp; Este entusiasmo consol\u00eddase no ano 2007 coa fundaci\u00f3n [&hellip;]<\/p>\n","protected":false},"author":1,"featured_media":0,"parent":0,"menu_order":0,"comment_status":"closed","ping_status":"closed","template":"","meta":{"footnotes":""},"acf":[],"yoast_head":"<!-- This site is optimized with the Yoast SEO plugin v21.1 - https:\/\/yoast.com\/wordpress\/plugins\/seo\/ -->\n<title>Trial | Concello de Entrimo<\/title>\n<meta name=\"robots\" content=\"index, follow, max-snippet:-1, max-image-preview:large, max-video-preview:-1\" \/>\n<link rel=\"canonical\" href=\"https:\/\/www.concelloentrimo.es\/gl\/trial\/\" \/>\n<meta property=\"og:locale\" content=\"gl_ES\" \/>\n<meta property=\"og:type\" content=\"article\" \/>\n<meta property=\"og:title\" content=\"Trial | Concello de Entrimo\" \/>\n<meta property=\"og:description\" content=\"Trial O interese por este deporte no noso concello rem\u00f3ntase aos anos 80 do s\u00e9culo pasado cando Paco Paz, pioneiro da pr\u00e1ctica de trial en Entrimo, plantou a semente dunha grande afecci\u00f3n que foi crecendo en adeptos e que se manifesta&nbsp; na realizaci\u00f3n de numerosas probas oficiais.&nbsp; Este entusiasmo consol\u00eddase no ano 2007 coa fundaci\u00f3n [&hellip;]\" \/>\n<meta property=\"og:url\" content=\"https:\/\/www.concelloentrimo.es\/gl\/trial\/\" \/>\n<meta property=\"og:site_name\" content=\"Concello de Entrimo\" \/>\n<meta property=\"article:modified_time\" content=\"2023-05-15T09:33:07+00:00\" \/>\n<meta property=\"og:image\" content=\"https:\/\/www.concelloentrimo.es\/wp-content\/uploads\/2023\/01\/image2-150x150.jpg\" \/>\n<meta name=\"twitter:card\" content=\"summary_large_image\" \/>\n<meta name=\"twitter:label1\" content=\"Tempo de lectura\" \/>\n\t<meta name=\"twitter:data1\" content=\"4 minutos\" \/>\n<script type=\"application\/ld+json\" class=\"yoast-schema-graph\">{\"@context\":\"https:\/\/schema.org\",\"@graph\":[{\"@type\":\"WebPage\",\"@id\":\"https:\/\/www.concelloentrimo.es\/gl\/trial\/\",\"url\":\"https:\/\/www.concelloentrimo.es\/gl\/trial\/\",\"name\":\"Trial | Concello de Entrimo\",\"isPartOf\":{\"@id\":\"https:\/\/www.concelloentrimo.es\/#website\"},\"datePublished\":\"2023-01-30T11:32:02+00:00\",\"dateModified\":\"2023-05-15T09:33:07+00:00\",\"breadcrumb\":{\"@id\":\"https:\/\/www.concelloentrimo.es\/gl\/trial\/#breadcrumb\"},\"inLanguage\":\"gl-ES\",\"potentialAction\":[{\"@type\":\"ReadAction\",\"target\":[\"https:\/\/www.concelloentrimo.es\/gl\/trial\/\"]}]},{\"@type\":\"BreadcrumbList\",\"@id\":\"https:\/\/www.concelloentrimo.es\/gl\/trial\/#breadcrumb\",\"itemListElement\":[{\"@type\":\"ListItem\",\"position\":1,\"name\":\"Portada\",\"item\":\"https:\/\/www.concelloentrimo.es\/\"},{\"@type\":\"ListItem\",\"position\":2,\"name\":\"Trial\"}]},{\"@type\":\"WebSite\",\"@id\":\"https:\/\/www.concelloentrimo.es\/#website\",\"url\":\"https:\/\/www.concelloentrimo.es\/\",\"name\":\"Concello de Entrimo\",\"description\":\"Toda la actualidad, servicios y noticias relacionados con el Concello de Entrimo.\",\"publisher\":{\"@id\":\"https:\/\/www.concelloentrimo.es\/#organization\"},\"potentialAction\":[{\"@type\":\"SearchAction\",\"target\":{\"@type\":\"EntryPoint\",\"urlTemplate\":\"https:\/\/www.concelloentrimo.es\/?s={search_term_string}\"},\"query-input\":\"required name=search_term_string\"}],\"inLanguage\":\"gl-ES\"},{\"@type\":\"Organization\",\"@id\":\"https:\/\/www.concelloentrimo.es\/#organization\",\"name\":\"Concello de Entrimo\",\"url\":\"https:\/\/www.concelloentrimo.es\/\",\"logo\":{\"@type\":\"ImageObject\",\"inLanguage\":\"gl-ES\",\"@id\":\"https:\/\/www.concelloentrimo.es\/#\/schema\/logo\/image\/\",\"url\":\"https:\/\/www.concelloentrimo.es\/wp-content\/uploads\/2022\/04\/escudo.png\",\"contentUrl\":\"https:\/\/www.concelloentrimo.es\/wp-content\/uploads\/2022\/04\/escudo.png\",\"width\":168,\"height\":168,\"caption\":\"Concello de Entrimo\"},\"image\":{\"@id\":\"https:\/\/www.concelloentrimo.es\/#\/schema\/logo\/image\/\"}}]}<\/script>\n<!-- \/ Yoast SEO plugin. -->","yoast_head_json":{"title":"Trial | Concello de Entrimo","robots":{"index":"index","follow":"follow","max-snippet":"max-snippet:-1","max-image-preview":"max-image-preview:large","max-video-preview":"max-video-preview:-1"},"canonical":"https:\/\/www.concelloentrimo.es\/gl\/trial\/","og_locale":"gl_ES","og_type":"article","og_title":"Trial | Concello de Entrimo","og_description":"Trial O interese por este deporte no noso concello rem\u00f3ntase aos anos 80 do s\u00e9culo pasado cando Paco Paz, pioneiro da pr\u00e1ctica de trial en Entrimo, plantou a semente dunha grande afecci\u00f3n que foi crecendo en adeptos e que se manifesta&nbsp; na realizaci\u00f3n de numerosas probas oficiais.&nbsp; Este entusiasmo consol\u00eddase no ano 2007 coa fundaci\u00f3n [&hellip;]","og_url":"https:\/\/www.concelloentrimo.es\/gl\/trial\/","og_site_name":"Concello de Entrimo","article_modified_time":"2023-05-15T09:33:07+00:00","og_image":[{"url":"https:\/\/www.concelloentrimo.es\/wp-content\/uploads\/2023\/01\/image2-150x150.jpg"}],"twitter_card":"summary_large_image","twitter_misc":{"Tempo de lectura":"4 minutos"},"schema":{"@context":"https:\/\/schema.org","@graph":[{"@type":"WebPage","@id":"https:\/\/www.concelloentrimo.es\/gl\/trial\/","url":"https:\/\/www.concelloentrimo.es\/gl\/trial\/","name":"Trial | Concello de Entrimo","isPartOf":{"@id":"https:\/\/www.concelloentrimo.es\/#website"},"datePublished":"2023-01-30T11:32:02+00:00","dateModified":"2023-05-15T09:33:07+00:00","breadcrumb":{"@id":"https:\/\/www.concelloentrimo.es\/gl\/trial\/#breadcrumb"},"inLanguage":"gl-ES","potentialAction":[{"@type":"ReadAction","target":["https:\/\/www.concelloentrimo.es\/gl\/trial\/"]}]},{"@type":"BreadcrumbList","@id":"https:\/\/www.concelloentrimo.es\/gl\/trial\/#breadcrumb","itemListElement":[{"@type":"ListItem","position":1,"name":"Portada","item":"https:\/\/www.concelloentrimo.es\/"},{"@type":"ListItem","position":2,"name":"Trial"}]},{"@type":"WebSite","@id":"https:\/\/www.concelloentrimo.es\/#website","url":"https:\/\/www.concelloentrimo.es\/","name":"Concello de Entrimo","description":"Toda la actualidad, servicios y noticias relacionados con el Concello de Entrimo.","publisher":{"@id":"https:\/\/www.concelloentrimo.es\/#organization"},"potentialAction":[{"@type":"SearchAction","target":{"@type":"EntryPoint","urlTemplate":"https:\/\/www.concelloentrimo.es\/?s={search_term_string}"},"query-input":"required name=search_term_string"}],"inLanguage":"gl-ES"},{"@type":"Organization","@id":"https:\/\/www.concelloentrimo.es\/#organization","name":"Concello de Entrimo","url":"https:\/\/www.concelloentrimo.es\/","logo":{"@type":"ImageObject","inLanguage":"gl-ES","@id":"https:\/\/www.concelloentrimo.es\/#\/schema\/logo\/image\/","url":"https:\/\/www.concelloentrimo.es\/wp-content\/uploads\/2022\/04\/escudo.png","contentUrl":"https:\/\/www.concelloentrimo.es\/wp-content\/uploads\/2022\/04\/escudo.png","width":168,"height":168,"caption":"Concello de Entrimo"},"image":{"@id":"https:\/\/www.concelloentrimo.es\/#\/schema\/logo\/image\/"}}]}},"_links":{"self":[{"href":"https:\/\/www.concelloentrimo.es\/gl\/wp-json\/wp\/v2\/pages\/1231"}],"collection":[{"href":"https:\/\/www.concelloentrimo.es\/gl\/wp-json\/wp\/v2\/pages"}],"about":[{"href":"https:\/\/www.concelloentrimo.es\/gl\/wp-json\/wp\/v2\/types\/page"}],"author":[{"embeddable":true,"href":"https:\/\/www.concelloentrimo.es\/gl\/wp-json\/wp\/v2\/users\/1"}],"replies":[{"embeddable":true,"href":"https:\/\/www.concelloentrimo.es\/gl\/wp-json\/wp\/v2\/comments?post=1231"}],"version-history":[{"count":7,"href":"https:\/\/www.concelloentrimo.es\/gl\/wp-json\/wp\/v2\/pages\/1231\/revisions"}],"predecessor-version":[{"id":1593,"href":"https:\/\/www.concelloentrimo.es\/gl\/wp-json\/wp\/v2\/pages\/1231\/revisions\/1593"}],"wp:attachment":[{"href":"https:\/\/www.concelloentrimo.es\/gl\/wp-json\/wp\/v2\/media?parent=1231"}],"curies":[{"name":"wp","href":"https:\/\/api.w.org\/{rel}","templated":true}]}}