{"id":1408,"date":"2023-02-23T14:13:05","date_gmt":"2023-02-23T14:13:05","guid":{"rendered":"https:\/\/entrimo.des2.net\/saludo-de-bienvenida\/"},"modified":"2023-09-22T11:22:42","modified_gmt":"2023-09-22T11:22:42","slug":"saudo-de-benvida","status":"publish","type":"page","link":"https:\/\/www.concelloentrimo.es\/gl\/saudo-de-benvida\/","title":{"rendered":"Saudo de Benvida"},"content":{"rendered":"\t\t<div data-elementor-type=\"wp-page\" data-elementor-id=\"1408\" class=\"elementor elementor-1408\" data-elementor-post-type=\"page\">\n\t\t\t\t\t\t\t\t\t<section class=\"elementor-section elementor-top-section elementor-element elementor-element-1a9937f6 elementor-section-full_width elementor-section-height-min-height elementor-section-height-default elementor-section-items-middle\" data-id=\"1a9937f6\" data-element_type=\"section\" data-settings=\"{&quot;background_background&quot;:&quot;classic&quot;}\">\n\t\t\t\t\t\t\t<div class=\"elementor-background-overlay\"><\/div>\n\t\t\t\t\t\t\t<div class=\"elementor-container elementor-column-gap-default\">\n\t\t\t\t\t<div class=\"elementor-column elementor-col-100 elementor-top-column elementor-element elementor-element-2bd1a6f3\" data-id=\"2bd1a6f3\" data-element_type=\"column\">\n\t\t\t<div class=\"elementor-widget-wrap elementor-element-populated\">\n\t\t\t\t\t\t\t\t<section class=\"elementor-section elementor-inner-section elementor-element elementor-element-55e77c96 elementor-section-boxed elementor-section-height-default elementor-section-height-default\" data-id=\"55e77c96\" data-element_type=\"section\">\n\t\t\t\t\t\t<div class=\"elementor-container elementor-column-gap-default\">\n\t\t\t\t\t<div class=\"elementor-column elementor-col-100 elementor-inner-column elementor-element elementor-element-2d077ca7\" data-id=\"2d077ca7\" data-element_type=\"column\">\n\t\t\t<div class=\"elementor-widget-wrap elementor-element-populated\">\n\t\t\t\t\t\t\t\t<div class=\"elementor-element elementor-element-4cd7f463 elementor-widget elementor-widget-heading\" data-id=\"4cd7f463\" data-element_type=\"widget\" data-widget_type=\"heading.default\">\n\t\t\t\t<div class=\"elementor-widget-container\">\n\t\t\t<style>\/*! elementor - v3.15.0 - 20-08-2023 *\/\n.elementor-heading-title{padding:0;margin:0;line-height:1}.elementor-widget-heading .elementor-heading-title[class*=elementor-size-]>a{color:inherit;font-size:inherit;line-height:inherit}.elementor-widget-heading .elementor-heading-title.elementor-size-small{font-size:15px}.elementor-widget-heading .elementor-heading-title.elementor-size-medium{font-size:19px}.elementor-widget-heading .elementor-heading-title.elementor-size-large{font-size:29px}.elementor-widget-heading .elementor-heading-title.elementor-size-xl{font-size:39px}.elementor-widget-heading .elementor-heading-title.elementor-size-xxl{font-size:59px}<\/style><h1 class=\"elementor-heading-title elementor-size-default\">Saudo de Benvida<\/h1>\t\t<\/div>\n\t\t\t\t<\/div>\n\t\t\t\t\t<\/div>\n\t\t<\/div>\n\t\t\t\t\t\t\t<\/div>\n\t\t<\/section>\n\t\t\t\t\t<\/div>\n\t\t<\/div>\n\t\t\t\t\t\t\t<\/div>\n\t\t<\/section>\n\t\t\t\t<section class=\"elementor-section elementor-top-section elementor-element elementor-element-8b1d6aa elementor-section-full_width elementor-section-height-default elementor-section-height-default\" data-id=\"8b1d6aa\" data-element_type=\"section\" id=\"section-alcalde-home\">\n\t\t\t\t\t\t<div class=\"elementor-container elementor-column-gap-default\">\n\t\t\t\t\t<div class=\"elementor-column elementor-col-100 elementor-top-column elementor-element elementor-element-eb3e983\" data-id=\"eb3e983\" data-element_type=\"column\">\n\t\t\t<div class=\"elementor-widget-wrap elementor-element-populated\">\n\t\t\t\t\t\t\t\t<section class=\"elementor-section elementor-inner-section elementor-element elementor-element-58063b8 elementor-section-boxed elementor-section-height-default elementor-section-height-default\" data-id=\"58063b8\" data-element_type=\"section\">\n\t\t\t\t\t\t<div class=\"elementor-container elementor-column-gap-default\">\n\t\t\t\t\t<div class=\"elementor-column elementor-col-50 elementor-inner-column elementor-element elementor-element-5213c81\" data-id=\"5213c81\" data-element_type=\"column\">\n\t\t\t<div class=\"elementor-widget-wrap elementor-element-populated\">\n\t\t\t\t\t\t\t\t<div class=\"elementor-element elementor-element-b88ac7e elementor-widget elementor-widget-image\" data-id=\"b88ac7e\" data-element_type=\"widget\" data-widget_type=\"image.default\">\n\t\t\t\t<div class=\"elementor-widget-container\">\n\t\t\t<style>\/*! elementor - v3.15.0 - 20-08-2023 *\/\n.elementor-widget-image{text-align:center}.elementor-widget-image a{display:inline-block}.elementor-widget-image a img[src$=\".svg\"]{width:48px}.elementor-widget-image img{vertical-align:middle;display:inline-block}<\/style>\t\t\t\t\t\t\t\t\t\t\t\t<img decoding=\"async\" loading=\"lazy\" width=\"1112\" height=\"1116\" src=\"https:\/\/www.concelloentrimo.es\/wp-content\/uploads\/2022\/04\/2019082800051514924@2x.png\" class=\"attachment-full size-full wp-image-134\" alt=\"\" srcset=\"https:\/\/www.concelloentrimo.es\/wp-content\/uploads\/2022\/04\/2019082800051514924@2x.png 1112w, https:\/\/www.concelloentrimo.es\/wp-content\/uploads\/2022\/04\/2019082800051514924@2x-300x300.png 300w, https:\/\/www.concelloentrimo.es\/wp-content\/uploads\/2022\/04\/2019082800051514924@2x-1020x1024.png 1020w, https:\/\/www.concelloentrimo.es\/wp-content\/uploads\/2022\/04\/2019082800051514924@2x-150x150.png 150w, https:\/\/www.concelloentrimo.es\/wp-content\/uploads\/2022\/04\/2019082800051514924@2x-768x771.png 768w\" sizes=\"(max-width: 1112px) 100vw, 1112px\" \/>\t\t\t\t\t\t\t\t\t\t\t\t\t\t\t<\/div>\n\t\t\t\t<\/div>\n\t\t\t\t\t<\/div>\n\t\t<\/div>\n\t\t\t\t<div class=\"elementor-column elementor-col-50 elementor-inner-column elementor-element elementor-element-69b57bd\" data-id=\"69b57bd\" data-element_type=\"column\">\n\t\t\t<div class=\"elementor-widget-wrap elementor-element-populated\">\n\t\t\t\t\t\t\t\t<div class=\"elementor-element elementor-element-c90e578 elementor-widget elementor-widget-text-editor\" data-id=\"c90e578\" data-element_type=\"widget\" data-widget_type=\"text-editor.default\">\n\t\t\t\t<div class=\"elementor-widget-container\">\n\t\t\t<style>\/*! elementor - v3.15.0 - 20-08-2023 *\/\n.elementor-widget-text-editor.elementor-drop-cap-view-stacked .elementor-drop-cap{background-color:#69727d;color:#fff}.elementor-widget-text-editor.elementor-drop-cap-view-framed .elementor-drop-cap{color:#69727d;border:3px solid;background-color:transparent}.elementor-widget-text-editor:not(.elementor-drop-cap-view-default) .elementor-drop-cap{margin-top:8px}.elementor-widget-text-editor:not(.elementor-drop-cap-view-default) .elementor-drop-cap-letter{width:1em;height:1em}.elementor-widget-text-editor .elementor-drop-cap{float:left;text-align:center;line-height:1;font-size:50px}.elementor-widget-text-editor .elementor-drop-cap-letter{display:inline-block}<\/style>\t\t\t\t<p>A flor inveros\u00edmil das magnolias, \u00f3 mellor. Os lim\u00f3ns tratando de reverdecer no resol dos agarimos. O alto delirio das uceiras. Os camelios ench\u00e9ndonos o res\u00edo de p\u00e9talos.<\/p>\t\t\t\t\t\t<\/div>\n\t\t\t\t<\/div>\n\t\t\t\t<div class=\"elementor-element elementor-element-ad16af1 elementor-widget elementor-widget-text-editor\" data-id=\"ad16af1\" data-element_type=\"widget\" data-widget_type=\"text-editor.default\">\n\t\t\t\t<div class=\"elementor-widget-container\">\n\t\t\t\t\t\t\t<p>Por entre o medio n\u00f3s. N\u00f3s que temos no alento o folgo que d\u00e1 a galopada salvaxe dos cabalos. Que no esp\u00edritu levamos cifrado o ronsel do neboeiro. A alma atravesada sempre polo rio que unhas veces nos fai adormecer e outras, dende a cima das laxas, nos ensalza. N\u00f3s que nos ollos traeremos o fulgor dos que de antigo transitan o norte estrelecido. Na b\u00fasqueda indetida das costuras da fronteira.<\/p>\t\t\t\t\t\t<\/div>\n\t\t\t\t<\/div>\n\t\t\t\t<div class=\"elementor-element elementor-element-39780d9 elementor-widget elementor-widget-text-editor\" data-id=\"39780d9\" data-element_type=\"widget\" data-widget_type=\"text-editor.default\">\n\t\t\t\t<div class=\"elementor-widget-container\">\n\t\t\t\t\t\t\t<p>Ver\u00e1s, si te achegas, que os c\u00e1lculos, eiqui, est\u00e1n feitos co mineral da pedra \u2013 dende o monos\u00edlabo cardinal da Moura \u00e1 filigrana requintada da Real; na \u00faltima cifra da Pica, ata a descomunal \u00e1lxebra de Anam\u00e1n-. Hai ainda nos cami\u00f1os o ecoar lonxano das danzas, o berro un\u00edsono das eiras, as ansias arrubiadas da alborada febril, o ax\u00f3uxere envolto en alal\u00e1s das fidalgas infancias. A chuvia ofr\u00e9cese como un vello sacrificio que a cada pouco reclaman os altares da paciencia. Vai o vento e ven, asubiando, metres fai o reconto das serras. O horizonte, detr\u00e1s, devala abrasado para reclamar a volta vagabunda das cachenas. Enc\u00e9ndeselle o lume \u00f3s vigairos da memoria, entre o ouveo dos cans. E nos campos emp\u00e9zase a inzar a caligrafia brand\u00edsima da herba.<\/p>\t\t\t\t\t\t<\/div>\n\t\t\t\t<\/div>\n\t\t\t\t<div class=\"elementor-element elementor-element-39bc077 elementor-widget elementor-widget-text-editor\" data-id=\"39bc077\" data-element_type=\"widget\" data-widget_type=\"text-editor.default\">\n\t\t\t\t<div class=\"elementor-widget-container\">\n\t\t\t\t\t\t\tChegou vostede a Entrimo. P\u00e1rese a  considerar que os deuses, \u00e1s veces, ensarillan os cami\u00f1os ata deixalos estrar no cruzamento mol da fermosura.\t\t\t\t\t\t<\/div>\n\t\t\t\t<\/div>\n\t\t\t\t<div class=\"elementor-element elementor-element-8e1e801 elementor-widget elementor-widget-text-editor\" data-id=\"8e1e801\" data-element_type=\"widget\" data-widget_type=\"text-editor.default\">\n\t\t\t\t<div class=\"elementor-widget-container\">\n\t\t\t\t\t\t\tEst\u00e1s en Entrimo. Det\u00e9n o paso e deixa a vida respirar. Remansa.\t\t\t\t\t\t<\/div>\n\t\t\t\t<\/div>\n\t\t\t\t<div class=\"elementor-element elementor-element-b8adca8 elementor-widget elementor-widget-text-editor\" data-id=\"b8adca8\" data-element_type=\"widget\" data-widget_type=\"text-editor.default\">\n\t\t\t\t<div class=\"elementor-widget-container\">\n\t\t\t\t\t\t\t<p>Ram\u00f3n Alonso.<\/p>\t\t\t\t\t\t<\/div>\n\t\t\t\t<\/div>\n\t\t\t\t\t<\/div>\n\t\t<\/div>\n\t\t\t\t\t\t\t<\/div>\n\t\t<\/section>\n\t\t\t\t\t<\/div>\n\t\t<\/div>\n\t\t\t\t\t\t\t<\/div>\n\t\t<\/section>\n\t\t\t\t\t\t\t<\/div>\n\t\t","protected":false},"excerpt":{"rendered":"<p>Saudo de Benvida A flor inveros\u00edmil das magnolias, \u00f3 mellor. Os lim\u00f3ns tratando de reverdecer no resol dos agarimos. O alto delirio das uceiras. Os camelios ench\u00e9ndonos o res\u00edo de p\u00e9talos. Por entre o medio n\u00f3s. N\u00f3s que temos no alento o folgo que d\u00e1 a galopada salvaxe dos cabalos. Que no esp\u00edritu levamos cifrado [&hellip;]<\/p>\n","protected":false},"author":1,"featured_media":0,"parent":0,"menu_order":0,"comment_status":"closed","ping_status":"closed","template":"","meta":{"footnotes":""},"acf":[],"yoast_head":"<!-- This site is optimized with the Yoast SEO plugin v21.1 - https:\/\/yoast.com\/wordpress\/plugins\/seo\/ -->\n<title>Saudo de Benvida | Concello de Entrimo<\/title>\n<meta name=\"robots\" content=\"index, follow, max-snippet:-1, max-image-preview:large, max-video-preview:-1\" \/>\n<link rel=\"canonical\" href=\"https:\/\/www.concelloentrimo.es\/saludo-de-bienvenida\/\" \/>\n<meta property=\"og:locale\" content=\"gl_ES\" \/>\n<meta property=\"og:type\" content=\"article\" \/>\n<meta property=\"og:title\" content=\"Saudo de Benvida | Concello de Entrimo\" \/>\n<meta property=\"og:description\" content=\"Saudo de Benvida A flor inveros\u00edmil das magnolias, \u00f3 mellor. Os lim\u00f3ns tratando de reverdecer no resol dos agarimos. O alto delirio das uceiras. Os camelios ench\u00e9ndonos o res\u00edo de p\u00e9talos. Por entre o medio n\u00f3s. N\u00f3s que temos no alento o folgo que d\u00e1 a galopada salvaxe dos cabalos. Que no esp\u00edritu levamos cifrado [&hellip;]\" \/>\n<meta property=\"og:url\" content=\"https:\/\/www.concelloentrimo.es\/saludo-de-bienvenida\/\" \/>\n<meta property=\"og:site_name\" content=\"Concello de Entrimo\" \/>\n<meta property=\"article:modified_time\" content=\"2023-09-22T11:22:42+00:00\" \/>\n<meta property=\"og:image\" content=\"https:\/\/www.concelloentrimo.es\/wp-content\/uploads\/2022\/04\/2019082800051514924@2x.png\" \/>\n<meta name=\"twitter:card\" content=\"summary_large_image\" \/>\n<script type=\"application\/ld+json\" class=\"yoast-schema-graph\">{\"@context\":\"https:\/\/schema.org\",\"@graph\":[{\"@type\":\"WebPage\",\"@id\":\"https:\/\/www.concelloentrimo.es\/saludo-de-bienvenida\/\",\"url\":\"https:\/\/www.concelloentrimo.es\/saludo-de-bienvenida\/\",\"name\":\"Saudo de Benvida | Concello de Entrimo\",\"isPartOf\":{\"@id\":\"https:\/\/www.concelloentrimo.es\/#website\"},\"datePublished\":\"2023-02-23T14:13:05+00:00\",\"dateModified\":\"2023-09-22T11:22:42+00:00\",\"breadcrumb\":{\"@id\":\"https:\/\/www.concelloentrimo.es\/saludo-de-bienvenida\/#breadcrumb\"},\"inLanguage\":\"gl-ES\",\"potentialAction\":[{\"@type\":\"ReadAction\",\"target\":[\"https:\/\/www.concelloentrimo.es\/saludo-de-bienvenida\/\"]}]},{\"@type\":\"BreadcrumbList\",\"@id\":\"https:\/\/www.concelloentrimo.es\/saludo-de-bienvenida\/#breadcrumb\",\"itemListElement\":[{\"@type\":\"ListItem\",\"position\":1,\"name\":\"Portada\",\"item\":\"https:\/\/www.concelloentrimo.es\/\"},{\"@type\":\"ListItem\",\"position\":2,\"name\":\"Saudo de Benvida\"}]},{\"@type\":\"WebSite\",\"@id\":\"https:\/\/www.concelloentrimo.es\/#website\",\"url\":\"https:\/\/www.concelloentrimo.es\/\",\"name\":\"Concello de Entrimo\",\"description\":\"Toda la actualidad, servicios y noticias relacionados con el Concello de Entrimo.\",\"publisher\":{\"@id\":\"https:\/\/www.concelloentrimo.es\/#organization\"},\"potentialAction\":[{\"@type\":\"SearchAction\",\"target\":{\"@type\":\"EntryPoint\",\"urlTemplate\":\"https:\/\/www.concelloentrimo.es\/?s={search_term_string}\"},\"query-input\":\"required name=search_term_string\"}],\"inLanguage\":\"gl-ES\"},{\"@type\":\"Organization\",\"@id\":\"https:\/\/www.concelloentrimo.es\/#organization\",\"name\":\"Concello de Entrimo\",\"url\":\"https:\/\/www.concelloentrimo.es\/\",\"logo\":{\"@type\":\"ImageObject\",\"inLanguage\":\"gl-ES\",\"@id\":\"https:\/\/www.concelloentrimo.es\/#\/schema\/logo\/image\/\",\"url\":\"https:\/\/www.concelloentrimo.es\/wp-content\/uploads\/2022\/04\/escudo.png\",\"contentUrl\":\"https:\/\/www.concelloentrimo.es\/wp-content\/uploads\/2022\/04\/escudo.png\",\"width\":168,\"height\":168,\"caption\":\"Concello de Entrimo\"},\"image\":{\"@id\":\"https:\/\/www.concelloentrimo.es\/#\/schema\/logo\/image\/\"}}]}<\/script>\n<!-- \/ Yoast SEO plugin. -->","yoast_head_json":{"title":"Saudo de Benvida | Concello de Entrimo","robots":{"index":"index","follow":"follow","max-snippet":"max-snippet:-1","max-image-preview":"max-image-preview:large","max-video-preview":"max-video-preview:-1"},"canonical":"https:\/\/www.concelloentrimo.es\/saludo-de-bienvenida\/","og_locale":"gl_ES","og_type":"article","og_title":"Saudo de Benvida | Concello de Entrimo","og_description":"Saudo de Benvida A flor inveros\u00edmil das magnolias, \u00f3 mellor. Os lim\u00f3ns tratando de reverdecer no resol dos agarimos. O alto delirio das uceiras. Os camelios ench\u00e9ndonos o res\u00edo de p\u00e9talos. Por entre o medio n\u00f3s. N\u00f3s que temos no alento o folgo que d\u00e1 a galopada salvaxe dos cabalos. Que no esp\u00edritu levamos cifrado [&hellip;]","og_url":"https:\/\/www.concelloentrimo.es\/saludo-de-bienvenida\/","og_site_name":"Concello de Entrimo","article_modified_time":"2023-09-22T11:22:42+00:00","og_image":[{"url":"https:\/\/www.concelloentrimo.es\/wp-content\/uploads\/2022\/04\/2019082800051514924@2x.png"}],"twitter_card":"summary_large_image","schema":{"@context":"https:\/\/schema.org","@graph":[{"@type":"WebPage","@id":"https:\/\/www.concelloentrimo.es\/saludo-de-bienvenida\/","url":"https:\/\/www.concelloentrimo.es\/saludo-de-bienvenida\/","name":"Saudo de Benvida | Concello de Entrimo","isPartOf":{"@id":"https:\/\/www.concelloentrimo.es\/#website"},"datePublished":"2023-02-23T14:13:05+00:00","dateModified":"2023-09-22T11:22:42+00:00","breadcrumb":{"@id":"https:\/\/www.concelloentrimo.es\/saludo-de-bienvenida\/#breadcrumb"},"inLanguage":"gl-ES","potentialAction":[{"@type":"ReadAction","target":["https:\/\/www.concelloentrimo.es\/saludo-de-bienvenida\/"]}]},{"@type":"BreadcrumbList","@id":"https:\/\/www.concelloentrimo.es\/saludo-de-bienvenida\/#breadcrumb","itemListElement":[{"@type":"ListItem","position":1,"name":"Portada","item":"https:\/\/www.concelloentrimo.es\/"},{"@type":"ListItem","position":2,"name":"Saudo de Benvida"}]},{"@type":"WebSite","@id":"https:\/\/www.concelloentrimo.es\/#website","url":"https:\/\/www.concelloentrimo.es\/","name":"Concello de Entrimo","description":"Toda la actualidad, servicios y noticias relacionados con el Concello de Entrimo.","publisher":{"@id":"https:\/\/www.concelloentrimo.es\/#organization"},"potentialAction":[{"@type":"SearchAction","target":{"@type":"EntryPoint","urlTemplate":"https:\/\/www.concelloentrimo.es\/?s={search_term_string}"},"query-input":"required name=search_term_string"}],"inLanguage":"gl-ES"},{"@type":"Organization","@id":"https:\/\/www.concelloentrimo.es\/#organization","name":"Concello de Entrimo","url":"https:\/\/www.concelloentrimo.es\/","logo":{"@type":"ImageObject","inLanguage":"gl-ES","@id":"https:\/\/www.concelloentrimo.es\/#\/schema\/logo\/image\/","url":"https:\/\/www.concelloentrimo.es\/wp-content\/uploads\/2022\/04\/escudo.png","contentUrl":"https:\/\/www.concelloentrimo.es\/wp-content\/uploads\/2022\/04\/escudo.png","width":168,"height":168,"caption":"Concello de Entrimo"},"image":{"@id":"https:\/\/www.concelloentrimo.es\/#\/schema\/logo\/image\/"}}]}},"_links":{"self":[{"href":"https:\/\/www.concelloentrimo.es\/gl\/wp-json\/wp\/v2\/pages\/1408"}],"collection":[{"href":"https:\/\/www.concelloentrimo.es\/gl\/wp-json\/wp\/v2\/pages"}],"about":[{"href":"https:\/\/www.concelloentrimo.es\/gl\/wp-json\/wp\/v2\/types\/page"}],"author":[{"embeddable":true,"href":"https:\/\/www.concelloentrimo.es\/gl\/wp-json\/wp\/v2\/users\/1"}],"replies":[{"embeddable":true,"href":"https:\/\/www.concelloentrimo.es\/gl\/wp-json\/wp\/v2\/comments?post=1408"}],"version-history":[{"count":11,"href":"https:\/\/www.concelloentrimo.es\/gl\/wp-json\/wp\/v2\/pages\/1408\/revisions"}],"predecessor-version":[{"id":2148,"href":"https:\/\/www.concelloentrimo.es\/gl\/wp-json\/wp\/v2\/pages\/1408\/revisions\/2148"}],"wp:attachment":[{"href":"https:\/\/www.concelloentrimo.es\/gl\/wp-json\/wp\/v2\/media?parent=1408"}],"curies":[{"name":"wp","href":"https:\/\/api.w.org\/{rel}","templated":true}]}}