{"id":1923,"date":"2023-09-20T14:20:39","date_gmt":"2023-09-20T14:20:39","guid":{"rendered":"https:\/\/www.concelloentrimo.es\/?page_id=1923"},"modified":"2023-09-21T08:48:02","modified_gmt":"2023-09-21T08:48:02","slug":"festa-forquellas-y-vaca-cachena","status":"publish","type":"page","link":"https:\/\/www.concelloentrimo.es\/gl\/festa-forquellas-y-vaca-cachena\/","title":{"rendered":"Festa de exaltaci\u00f3n da empanada de Forquellas e a carne de cachena de Entrimo."},"content":{"rendered":"\t\t<div data-elementor-type=\"wp-page\" data-elementor-id=\"1923\" class=\"elementor elementor-1923\" data-elementor-post-type=\"page\">\n\t\t\t\t\t\t\t\t\t<section class=\"elementor-section elementor-top-section elementor-element elementor-element-72ac3aa0 elementor-section-full_width elementor-section-height-min-height elementor-section-height-default elementor-section-items-middle\" data-id=\"72ac3aa0\" data-element_type=\"section\" data-settings=\"{&quot;background_background&quot;:&quot;classic&quot;}\">\n\t\t\t\t\t\t\t<div class=\"elementor-background-overlay\"><\/div>\n\t\t\t\t\t\t\t<div class=\"elementor-container elementor-column-gap-default\">\n\t\t\t\t\t<div class=\"elementor-column elementor-col-100 elementor-top-column elementor-element elementor-element-149ca9e3\" data-id=\"149ca9e3\" data-element_type=\"column\">\n\t\t\t<div class=\"elementor-widget-wrap elementor-element-populated\">\n\t\t\t\t\t\t\t\t<section class=\"elementor-section elementor-inner-section elementor-element elementor-element-3a04ee0d elementor-section-boxed elementor-section-height-default elementor-section-height-default\" data-id=\"3a04ee0d\" data-element_type=\"section\">\n\t\t\t\t\t\t<div class=\"elementor-container elementor-column-gap-default\">\n\t\t\t\t\t<div class=\"elementor-column elementor-col-100 elementor-inner-column elementor-element elementor-element-660ed366\" data-id=\"660ed366\" data-element_type=\"column\">\n\t\t\t<div class=\"elementor-widget-wrap elementor-element-populated\">\n\t\t\t\t\t\t\t\t<div class=\"elementor-element elementor-element-1182136 elementor-widget elementor-widget-heading\" data-id=\"1182136\" data-element_type=\"widget\" data-widget_type=\"heading.default\">\n\t\t\t\t<div class=\"elementor-widget-container\">\n\t\t\t<style>\/*! elementor - v3.15.0 - 20-08-2023 *\/\n.elementor-heading-title{padding:0;margin:0;line-height:1}.elementor-widget-heading .elementor-heading-title[class*=elementor-size-]>a{color:inherit;font-size:inherit;line-height:inherit}.elementor-widget-heading .elementor-heading-title.elementor-size-small{font-size:15px}.elementor-widget-heading .elementor-heading-title.elementor-size-medium{font-size:19px}.elementor-widget-heading .elementor-heading-title.elementor-size-large{font-size:29px}.elementor-widget-heading .elementor-heading-title.elementor-size-xl{font-size:39px}.elementor-widget-heading .elementor-heading-title.elementor-size-xxl{font-size:59px}<\/style><h1 class=\"elementor-heading-title elementor-size-default\">Festa de exaltaci\u00f3n da empanada de Forquellas e a carne de cachena de Entrimo.<\/h1>\t\t<\/div>\n\t\t\t\t<\/div>\n\t\t\t\t\t<\/div>\n\t\t<\/div>\n\t\t\t\t\t\t\t<\/div>\n\t\t<\/section>\n\t\t\t\t\t<\/div>\n\t\t<\/div>\n\t\t\t\t\t\t\t<\/div>\n\t\t<\/section>\n\t\t\t\t<section class=\"elementor-section elementor-top-section elementor-element elementor-element-a2ffc31 elementor-section-boxed elementor-section-height-default elementor-section-height-default\" data-id=\"a2ffc31\" data-element_type=\"section\">\n\t\t\t\t\t\t<div class=\"elementor-container elementor-column-gap-default\">\n\t\t\t\t\t<div class=\"elementor-column elementor-col-100 elementor-top-column elementor-element elementor-element-bb44cd4\" data-id=\"bb44cd4\" data-element_type=\"column\">\n\t\t\t<div class=\"elementor-widget-wrap elementor-element-populated\">\n\t\t\t\t\t\t\t\t<div class=\"elementor-element elementor-element-58d6a34 elementor-widget elementor-widget-text-editor\" data-id=\"58d6a34\" data-element_type=\"widget\" data-widget_type=\"text-editor.default\">\n\t\t\t\t<div class=\"elementor-widget-container\">\n\t\t\t<style>\/*! elementor - v3.15.0 - 20-08-2023 *\/\n.elementor-widget-text-editor.elementor-drop-cap-view-stacked .elementor-drop-cap{background-color:#69727d;color:#fff}.elementor-widget-text-editor.elementor-drop-cap-view-framed .elementor-drop-cap{color:#69727d;border:3px solid;background-color:transparent}.elementor-widget-text-editor:not(.elementor-drop-cap-view-default) .elementor-drop-cap{margin-top:8px}.elementor-widget-text-editor:not(.elementor-drop-cap-view-default) .elementor-drop-cap-letter{width:1em;height:1em}.elementor-widget-text-editor .elementor-drop-cap{float:left;text-align:center;line-height:1;font-size:50px}.elementor-widget-text-editor .elementor-drop-cap-letter{display:inline-block}<\/style>\t\t\t\t<p><!-- wp:paragraph --><\/p>\n<p><span id=\"docs-internal-guid-7524c04d-7fff-4e11-6bb5-b20e2959795b\"><\/span><\/p><p dir=\"ltr\" style=\"line-height:1.2;text-align: justify;margin-top:0pt;margin-bottom:6.75pt;\"><span style=\"font-size:12pt;font-family:Arial,sans-serif;color:#000000;background-color:transparent;font-weight:400;font-style:normal;font-variant:normal;text-decoration:none;vertical-align:baseline;white-space:pre;white-space:pre-wrap;\">O concello de Entrimo celebra todos os anos unha festa de exaltaci\u00f3n da Empanada de Forquellas e a carne de Cachena da serra do Quinxo. Un evento que ten lugar o primeiro domingo do mes de xu\u00f1o e que congrega as persoas amantes destes dous manxares aut\u00f3ctonos.<\/span><\/p>\n<h4 id=\"la-empanada-de-forquellas\" class=\"wp-block-heading\">&nbsp;<\/h4>\n<p><!-- \/wp:heading --><\/p>\t\t\t\t\t\t<\/div>\n\t\t\t\t<\/div>\n\t\t\t\t\t<\/div>\n\t\t<\/div>\n\t\t\t\t\t\t\t<\/div>\n\t\t<\/section>\n\t\t\t\t<section class=\"elementor-section elementor-top-section elementor-element elementor-element-c49f358 elementor-section-boxed elementor-section-height-default elementor-section-height-default\" data-id=\"c49f358\" data-element_type=\"section\">\n\t\t\t\t\t\t<div class=\"elementor-container elementor-column-gap-default\">\n\t\t\t\t\t<div class=\"elementor-column elementor-col-66 elementor-top-column elementor-element elementor-element-0780332\" data-id=\"0780332\" data-element_type=\"column\">\n\t\t\t<div class=\"elementor-widget-wrap elementor-element-populated\">\n\t\t\t\t\t\t\t\t<div class=\"elementor-element elementor-element-082efb6 elementor-widget elementor-widget-text-editor\" data-id=\"082efb6\" data-element_type=\"widget\" data-widget_type=\"text-editor.default\">\n\t\t\t\t<div class=\"elementor-widget-container\">\n\t\t\t\t\t\t\t<h2><strong>A empanada de Forquellas<\/strong><\/h2>\n<p><span style=\"font-weight: 400;\">A empanada de forquellas \u00e9 un prato aut\u00f3ctono de Entrimo cuxa receita xa recoll\u00eda Alvaro Cunqueiro no seu libro <\/span><i><span style=\"font-weight: 400;\">Coci\u00f1a Galega<\/span><\/i><span style=\"font-weight: 400;\"> (1973). Unha empanada \u00fanica en Galicia elaborada con fari\u00f1a de millo, forquellas e touci\u00f1o de porco na que se mestura todo, masa e recheo, para dar un delicioso e contundente resultado.\u00a0\u00a0<\/span><\/p>\n<p><span style=\"font-weight: 400;\">A forquella \u00e9 un embutido propio desta zona que se fai con touci\u00f1o, cebola e cabaza <\/span><span style=\"font-weight: 400;\">todo iso<\/span><span style=\"font-weight: 400;\"> embuchadoS na tripa fina do porco e afumado.<\/span><\/p>\t\t\t\t\t\t<\/div>\n\t\t\t\t<\/div>\n\t\t\t\t\t<\/div>\n\t\t<\/div>\n\t\t\t\t<div class=\"elementor-column elementor-col-33 elementor-top-column elementor-element elementor-element-8170e06\" data-id=\"8170e06\" data-element_type=\"column\">\n\t\t\t<div class=\"elementor-widget-wrap elementor-element-populated\">\n\t\t\t\t\t\t\t\t<div class=\"elementor-element elementor-element-c4b7c36 elementor-widget elementor-widget-image\" data-id=\"c4b7c36\" data-element_type=\"widget\" data-widget_type=\"image.default\">\n\t\t\t\t<div class=\"elementor-widget-container\">\n\t\t\t<style>\/*! elementor - v3.15.0 - 20-08-2023 *\/\n.elementor-widget-image{text-align:center}.elementor-widget-image a{display:inline-block}.elementor-widget-image a img[src$=\".svg\"]{width:48px}.elementor-widget-image img{vertical-align:middle;display:inline-block}<\/style>\t\t\t\t\t\t\t\t\t\t\t\t<img decoding=\"async\" loading=\"lazy\" width=\"326\" height=\"188\" src=\"https:\/\/www.concelloentrimo.es\/wp-content\/uploads\/2022\/06\/empanada-de-forquellas.png\" class=\"attachment-large size-large wp-image-565\" alt=\"\" srcset=\"https:\/\/www.concelloentrimo.es\/wp-content\/uploads\/2022\/06\/empanada-de-forquellas.png 326w, https:\/\/www.concelloentrimo.es\/wp-content\/uploads\/2022\/06\/empanada-de-forquellas-300x173.png 300w\" sizes=\"(max-width: 326px) 100vw, 326px\" \/>\t\t\t\t\t\t\t\t\t\t\t\t\t\t\t<\/div>\n\t\t\t\t<\/div>\n\t\t\t\t\t<\/div>\n\t\t<\/div>\n\t\t\t\t\t\t\t<\/div>\n\t\t<\/section>\n\t\t\t\t<section class=\"elementor-section elementor-top-section elementor-element elementor-element-34cbc43 elementor-section-boxed elementor-section-height-default elementor-section-height-default\" data-id=\"34cbc43\" data-element_type=\"section\">\n\t\t\t\t\t\t<div class=\"elementor-container elementor-column-gap-default\">\n\t\t\t\t\t<div class=\"elementor-column elementor-col-33 elementor-top-column elementor-element elementor-element-fecf8ee\" data-id=\"fecf8ee\" data-element_type=\"column\">\n\t\t\t<div class=\"elementor-widget-wrap elementor-element-populated\">\n\t\t\t\t\t\t\t\t<div class=\"elementor-element elementor-element-971d7fa elementor-widget elementor-widget-image\" data-id=\"971d7fa\" data-element_type=\"widget\" data-widget_type=\"image.default\">\n\t\t\t\t<div class=\"elementor-widget-container\">\n\t\t\t\t\t\t\t\t\t\t\t\t\t\t\t<img decoding=\"async\" loading=\"lazy\" width=\"800\" height=\"573\" src=\"https:\/\/www.concelloentrimo.es\/wp-content\/uploads\/2022\/06\/vaca.jpg\" class=\"attachment-large size-large wp-image-567\" alt=\"\" srcset=\"https:\/\/www.concelloentrimo.es\/wp-content\/uploads\/2022\/06\/vaca.jpg 1024w, https:\/\/www.concelloentrimo.es\/wp-content\/uploads\/2022\/06\/vaca-300x215.jpg 300w, https:\/\/www.concelloentrimo.es\/wp-content\/uploads\/2022\/06\/vaca-768x551.jpg 768w\" sizes=\"(max-width: 800px) 100vw, 800px\" \/>\t\t\t\t\t\t\t\t\t\t\t\t\t\t\t<\/div>\n\t\t\t\t<\/div>\n\t\t\t\t\t<\/div>\n\t\t<\/div>\n\t\t\t\t<div class=\"elementor-column elementor-col-66 elementor-top-column elementor-element elementor-element-18aba31\" data-id=\"18aba31\" data-element_type=\"column\">\n\t\t\t<div class=\"elementor-widget-wrap elementor-element-populated\">\n\t\t\t\t\t\t\t\t<div class=\"elementor-element elementor-element-d6210a8 elementor-widget elementor-widget-text-editor\" data-id=\"d6210a8\" data-element_type=\"widget\" data-widget_type=\"text-editor.default\">\n\t\t\t\t<div class=\"elementor-widget-container\">\n\t\t\t\t\t\t\t<p>\u00a0<\/p>\n<h2>A Vaca Cachena<\/h2>\n<p><span style=\"font-weight: 400;\">\u00c9 unha raza cuxa orixe se sit\u00faa no suroeste de Ourense, nos montes da Serra do Quinxo, da Serra do Xur\u00e9s e DO Laboreiro.<\/span><\/p>\n<p><span style=\"font-weight: 400;\">O nome deriva da palabra \u201ccacheno\u201d, que en galego significa pequeno. Esta raza destaca por ser das m\u00e1is pequenas do mundo e polo gran tama\u00f1o da s\u00faa cornamenta. As primeiras referencias escritas da vaca cachena foron recompiladas por Javier\u00a0 Prado Rodr\u00edguez, inspector de Hixiene Pecuaria e xefe provincial de Gander\u00eda de Ourense que, no ano 1936, a describ\u00eda como \u201c vaqui\u00f1a liliputiense, r\u00fastica, que vive en liberdade en pastoreo constante nas monta\u00f1as do concello de Entrimo e que, a parte da s\u00faa diminuta talla, ofrece como signo carcter\u00edstico unha franxa ao longo da cara de coloraci\u00f3n m\u00e1is baixa que o resto da s\u00faa capa casta\u00f1o-escura e unhas li\u00f1as negras ao redor dos ollos coma se a res, levase lentes de grosa montura\u201d.<\/span><\/p>\n<p><span style=\"font-weight: 400;\">\u00a0<\/span><\/p>\n<p><span style=\"font-weight: 400;\">\u00c9 unha raza que estivo ao borde da extinci\u00f3n na segunda metade do s\u00e9culo XX polo abandono das pequenas explotaci\u00f3ns do rural como consecuencia do \u00e9xodo cara \u00e1s cidades. En 1987 unicamente quedaban 100 exemplares desta vaca no lugar de Olelas, no concello de Entrimo. Foi ent\u00f3n cando a Xunta de Galicia iniciou o proceso de recuperaci\u00f3n desta raza a trav\u00e9s da granxa experimental de Fontefiz en Coles (Ourense) e Dos gandeiros de Olelas que conservaban os \u00faltimos exemplares vivos. Hoxe en d\u00eda hai m\u00e1is de 5.500 exemplares repartidos por explotaci\u00f3ns gandeiras de Galicia, Castela e Le\u00f3n, Estremadura, Pa\u00eds Vasco e Principado de Asturias.<\/span><\/p>\n<p><span style=\"font-weight: 400;\">Orixinalmente a Cachena empreg\u00e1base como animal de tiro e para producir leite e carne. Na actualidade s\u00f3 se usa para a produci\u00f3n de carne. A cr\u00eda destes animais en liberdade e unha alimentaci\u00f3n totalmente natural fan que esta sexa unha carne de excelente calidade, tenra e xugosa. Conta ademais con Denominaci\u00f3n de Orixe Protexida e co selo 100% Raza Aut\u00f3ctona que outorga o Ministerio de Agricultura, Pesca e Alimentaci\u00f3n.<\/span><\/p>\n<p>\u00a0<\/p>\t\t\t\t\t\t<\/div>\n\t\t\t\t<\/div>\n\t\t\t\t\t<\/div>\n\t\t<\/div>\n\t\t\t\t\t\t\t<\/div>\n\t\t<\/section>\n\t\t\t\t<section class=\"elementor-section elementor-top-section elementor-element elementor-element-6b2f726 elementor-section-boxed elementor-section-height-default elementor-section-height-default\" data-id=\"6b2f726\" data-element_type=\"section\">\n\t\t\t\t\t\t<div class=\"elementor-container elementor-column-gap-default\">\n\t\t\t\t\t<div class=\"elementor-column elementor-col-50 elementor-top-column elementor-element elementor-element-1633296\" data-id=\"1633296\" data-element_type=\"column\">\n\t\t\t<div class=\"elementor-widget-wrap elementor-element-populated\">\n\t\t\t\t\t\t\t\t<div class=\"elementor-element elementor-element-64f5ebc elementor-widget elementor-widget-image\" data-id=\"64f5ebc\" data-element_type=\"widget\" data-widget_type=\"image.default\">\n\t\t\t\t<div class=\"elementor-widget-container\">\n\t\t\t\t\t\t\t\t\t\t\t\t\t\t\t<img decoding=\"async\" loading=\"lazy\" width=\"800\" height=\"800\" src=\"https:\/\/www.concelloentrimo.es\/wp-content\/uploads\/2023\/09\/IMG_20230604_143458-1024x1024.jpg\" class=\"attachment-large size-large wp-image-2037\" alt=\"\" srcset=\"https:\/\/www.concelloentrimo.es\/wp-content\/uploads\/2023\/09\/IMG_20230604_143458-1024x1024.jpg 1024w, https:\/\/www.concelloentrimo.es\/wp-content\/uploads\/2023\/09\/IMG_20230604_143458-300x300.jpg 300w, https:\/\/www.concelloentrimo.es\/wp-content\/uploads\/2023\/09\/IMG_20230604_143458-150x150.jpg 150w, https:\/\/www.concelloentrimo.es\/wp-content\/uploads\/2023\/09\/IMG_20230604_143458-768x768.jpg 768w, https:\/\/www.concelloentrimo.es\/wp-content\/uploads\/2023\/09\/IMG_20230604_143458-1536x1536.jpg 1536w, https:\/\/www.concelloentrimo.es\/wp-content\/uploads\/2023\/09\/IMG_20230604_143458-2048x2048.jpg 2048w\" sizes=\"(max-width: 800px) 100vw, 800px\" \/>\t\t\t\t\t\t\t\t\t\t\t\t\t\t\t<\/div>\n\t\t\t\t<\/div>\n\t\t\t\t\t<\/div>\n\t\t<\/div>\n\t\t\t\t<div class=\"elementor-column elementor-col-50 elementor-top-column elementor-element elementor-element-60bfc6a\" data-id=\"60bfc6a\" data-element_type=\"column\">\n\t\t\t<div class=\"elementor-widget-wrap elementor-element-populated\">\n\t\t\t\t\t\t\t\t<div class=\"elementor-element elementor-element-c9c3ff4 elementor-widget elementor-widget-image\" data-id=\"c9c3ff4\" data-element_type=\"widget\" data-widget_type=\"image.default\">\n\t\t\t\t<div class=\"elementor-widget-container\">\n\t\t\t\t\t\t\t\t\t\t\t\t\t\t\t<img decoding=\"async\" loading=\"lazy\" width=\"800\" height=\"545\" src=\"https:\/\/www.concelloentrimo.es\/wp-content\/uploads\/2023\/09\/image-1024x697.jpg\" class=\"attachment-large size-large wp-image-2035\" alt=\"\" srcset=\"https:\/\/www.concelloentrimo.es\/wp-content\/uploads\/2023\/09\/image-1024x697.jpg 1024w, https:\/\/www.concelloentrimo.es\/wp-content\/uploads\/2023\/09\/image-300x204.jpg 300w, https:\/\/www.concelloentrimo.es\/wp-content\/uploads\/2023\/09\/image-768x523.jpg 768w, https:\/\/www.concelloentrimo.es\/wp-content\/uploads\/2023\/09\/image-1536x1046.jpg 1536w, https:\/\/www.concelloentrimo.es\/wp-content\/uploads\/2023\/09\/image-2048x1395.jpg 2048w\" sizes=\"(max-width: 800px) 100vw, 800px\" \/>\t\t\t\t\t\t\t\t\t\t\t\t\t\t\t<\/div>\n\t\t\t\t<\/div>\n\t\t\t\t\t<\/div>\n\t\t<\/div>\n\t\t\t\t\t\t\t<\/div>\n\t\t<\/section>\n\t\t\t\t\t\t\t<\/div>\n\t\t","protected":false},"excerpt":{"rendered":"<p>Festa de exaltaci\u00f3n da empanada de Forquellas e a carne de cachena de Entrimo. O concello de Entrimo celebra todos os anos unha festa de exaltaci\u00f3n da Empanada de Forquellas e a carne de Cachena da serra do Quinxo. Un evento que ten lugar o primeiro domingo do mes de xu\u00f1o e que congrega as [&hellip;]<\/p>\n","protected":false},"author":1,"featured_media":0,"parent":0,"menu_order":0,"comment_status":"closed","ping_status":"closed","template":"","meta":{"footnotes":""},"acf":[],"yoast_head":"<!-- This site is optimized with the Yoast SEO plugin v21.1 - https:\/\/yoast.com\/wordpress\/plugins\/seo\/ -->\n<title>Festa de exaltaci\u00f3n da empanada de Forquellas e a carne de cachena de Entrimo. | Concello de Entrimo<\/title>\n<meta name=\"robots\" content=\"index, follow, max-snippet:-1, max-image-preview:large, max-video-preview:-1\" \/>\n<link rel=\"canonical\" href=\"https:\/\/www.concelloentrimo.es\/gl\/festa-forquellas-y-vaca-cachena\/\" \/>\n<meta property=\"og:locale\" content=\"gl_ES\" \/>\n<meta property=\"og:type\" content=\"article\" \/>\n<meta property=\"og:title\" content=\"Festa de exaltaci\u00f3n da empanada de Forquellas e a carne de cachena de Entrimo. | Concello de Entrimo\" \/>\n<meta property=\"og:description\" content=\"Festa de exaltaci\u00f3n da empanada de Forquellas e a carne de cachena de Entrimo. O concello de Entrimo celebra todos os anos unha festa de exaltaci\u00f3n da Empanada de Forquellas e a carne de Cachena da serra do Quinxo. Un evento que ten lugar o primeiro domingo do mes de xu\u00f1o e que congrega as [&hellip;]\" \/>\n<meta property=\"og:url\" content=\"https:\/\/www.concelloentrimo.es\/gl\/festa-forquellas-y-vaca-cachena\/\" \/>\n<meta property=\"og:site_name\" content=\"Concello de Entrimo\" \/>\n<meta property=\"article:modified_time\" content=\"2023-09-21T08:48:02+00:00\" \/>\n<meta property=\"og:image\" content=\"https:\/\/www.concelloentrimo.es\/wp-content\/uploads\/2022\/06\/empanada-de-forquellas.png\" \/>\n<meta name=\"twitter:card\" content=\"summary_large_image\" \/>\n<meta name=\"twitter:label1\" content=\"Tempo de lectura\" \/>\n\t<meta name=\"twitter:data1\" content=\"3 minutos\" \/>\n<script type=\"application\/ld+json\" class=\"yoast-schema-graph\">{\"@context\":\"https:\/\/schema.org\",\"@graph\":[{\"@type\":\"WebPage\",\"@id\":\"https:\/\/www.concelloentrimo.es\/gl\/festa-forquellas-y-vaca-cachena\/\",\"url\":\"https:\/\/www.concelloentrimo.es\/gl\/festa-forquellas-y-vaca-cachena\/\",\"name\":\"Festa de exaltaci\u00f3n da empanada de Forquellas e a carne de cachena de Entrimo. | Concello de Entrimo\",\"isPartOf\":{\"@id\":\"https:\/\/www.concelloentrimo.es\/#website\"},\"datePublished\":\"2023-09-20T14:20:39+00:00\",\"dateModified\":\"2023-09-21T08:48:02+00:00\",\"breadcrumb\":{\"@id\":\"https:\/\/www.concelloentrimo.es\/gl\/festa-forquellas-y-vaca-cachena\/#breadcrumb\"},\"inLanguage\":\"gl-ES\",\"potentialAction\":[{\"@type\":\"ReadAction\",\"target\":[\"https:\/\/www.concelloentrimo.es\/gl\/festa-forquellas-y-vaca-cachena\/\"]}]},{\"@type\":\"BreadcrumbList\",\"@id\":\"https:\/\/www.concelloentrimo.es\/gl\/festa-forquellas-y-vaca-cachena\/#breadcrumb\",\"itemListElement\":[{\"@type\":\"ListItem\",\"position\":1,\"name\":\"Portada\",\"item\":\"https:\/\/www.concelloentrimo.es\/\"},{\"@type\":\"ListItem\",\"position\":2,\"name\":\"Festa de exaltaci\u00f3n da empanada de Forquellas e a carne de cachena de Entrimo.\"}]},{\"@type\":\"WebSite\",\"@id\":\"https:\/\/www.concelloentrimo.es\/#website\",\"url\":\"https:\/\/www.concelloentrimo.es\/\",\"name\":\"Concello de Entrimo\",\"description\":\"Toda la actualidad, servicios y noticias relacionados con el Concello de Entrimo.\",\"publisher\":{\"@id\":\"https:\/\/www.concelloentrimo.es\/#organization\"},\"potentialAction\":[{\"@type\":\"SearchAction\",\"target\":{\"@type\":\"EntryPoint\",\"urlTemplate\":\"https:\/\/www.concelloentrimo.es\/?s={search_term_string}\"},\"query-input\":\"required name=search_term_string\"}],\"inLanguage\":\"gl-ES\"},{\"@type\":\"Organization\",\"@id\":\"https:\/\/www.concelloentrimo.es\/#organization\",\"name\":\"Concello de Entrimo\",\"url\":\"https:\/\/www.concelloentrimo.es\/\",\"logo\":{\"@type\":\"ImageObject\",\"inLanguage\":\"gl-ES\",\"@id\":\"https:\/\/www.concelloentrimo.es\/#\/schema\/logo\/image\/\",\"url\":\"https:\/\/www.concelloentrimo.es\/wp-content\/uploads\/2022\/04\/escudo.png\",\"contentUrl\":\"https:\/\/www.concelloentrimo.es\/wp-content\/uploads\/2022\/04\/escudo.png\",\"width\":168,\"height\":168,\"caption\":\"Concello de Entrimo\"},\"image\":{\"@id\":\"https:\/\/www.concelloentrimo.es\/#\/schema\/logo\/image\/\"}}]}<\/script>\n<!-- \/ Yoast SEO plugin. -->","yoast_head_json":{"title":"Festa de exaltaci\u00f3n da empanada de Forquellas e a carne de cachena de Entrimo. | Concello de Entrimo","robots":{"index":"index","follow":"follow","max-snippet":"max-snippet:-1","max-image-preview":"max-image-preview:large","max-video-preview":"max-video-preview:-1"},"canonical":"https:\/\/www.concelloentrimo.es\/gl\/festa-forquellas-y-vaca-cachena\/","og_locale":"gl_ES","og_type":"article","og_title":"Festa de exaltaci\u00f3n da empanada de Forquellas e a carne de cachena de Entrimo. | Concello de Entrimo","og_description":"Festa de exaltaci\u00f3n da empanada de Forquellas e a carne de cachena de Entrimo. O concello de Entrimo celebra todos os anos unha festa de exaltaci\u00f3n da Empanada de Forquellas e a carne de Cachena da serra do Quinxo. Un evento que ten lugar o primeiro domingo do mes de xu\u00f1o e que congrega as [&hellip;]","og_url":"https:\/\/www.concelloentrimo.es\/gl\/festa-forquellas-y-vaca-cachena\/","og_site_name":"Concello de Entrimo","article_modified_time":"2023-09-21T08:48:02+00:00","og_image":[{"url":"https:\/\/www.concelloentrimo.es\/wp-content\/uploads\/2022\/06\/empanada-de-forquellas.png"}],"twitter_card":"summary_large_image","twitter_misc":{"Tempo de lectura":"3 minutos"},"schema":{"@context":"https:\/\/schema.org","@graph":[{"@type":"WebPage","@id":"https:\/\/www.concelloentrimo.es\/gl\/festa-forquellas-y-vaca-cachena\/","url":"https:\/\/www.concelloentrimo.es\/gl\/festa-forquellas-y-vaca-cachena\/","name":"Festa de exaltaci\u00f3n da empanada de Forquellas e a carne de cachena de Entrimo. | Concello de Entrimo","isPartOf":{"@id":"https:\/\/www.concelloentrimo.es\/#website"},"datePublished":"2023-09-20T14:20:39+00:00","dateModified":"2023-09-21T08:48:02+00:00","breadcrumb":{"@id":"https:\/\/www.concelloentrimo.es\/gl\/festa-forquellas-y-vaca-cachena\/#breadcrumb"},"inLanguage":"gl-ES","potentialAction":[{"@type":"ReadAction","target":["https:\/\/www.concelloentrimo.es\/gl\/festa-forquellas-y-vaca-cachena\/"]}]},{"@type":"BreadcrumbList","@id":"https:\/\/www.concelloentrimo.es\/gl\/festa-forquellas-y-vaca-cachena\/#breadcrumb","itemListElement":[{"@type":"ListItem","position":1,"name":"Portada","item":"https:\/\/www.concelloentrimo.es\/"},{"@type":"ListItem","position":2,"name":"Festa de exaltaci\u00f3n da empanada de Forquellas e a carne de cachena de Entrimo."}]},{"@type":"WebSite","@id":"https:\/\/www.concelloentrimo.es\/#website","url":"https:\/\/www.concelloentrimo.es\/","name":"Concello de Entrimo","description":"Toda la actualidad, servicios y noticias relacionados con el Concello de Entrimo.","publisher":{"@id":"https:\/\/www.concelloentrimo.es\/#organization"},"potentialAction":[{"@type":"SearchAction","target":{"@type":"EntryPoint","urlTemplate":"https:\/\/www.concelloentrimo.es\/?s={search_term_string}"},"query-input":"required name=search_term_string"}],"inLanguage":"gl-ES"},{"@type":"Organization","@id":"https:\/\/www.concelloentrimo.es\/#organization","name":"Concello de Entrimo","url":"https:\/\/www.concelloentrimo.es\/","logo":{"@type":"ImageObject","inLanguage":"gl-ES","@id":"https:\/\/www.concelloentrimo.es\/#\/schema\/logo\/image\/","url":"https:\/\/www.concelloentrimo.es\/wp-content\/uploads\/2022\/04\/escudo.png","contentUrl":"https:\/\/www.concelloentrimo.es\/wp-content\/uploads\/2022\/04\/escudo.png","width":168,"height":168,"caption":"Concello de Entrimo"},"image":{"@id":"https:\/\/www.concelloentrimo.es\/#\/schema\/logo\/image\/"}}]}},"_links":{"self":[{"href":"https:\/\/www.concelloentrimo.es\/gl\/wp-json\/wp\/v2\/pages\/1923"}],"collection":[{"href":"https:\/\/www.concelloentrimo.es\/gl\/wp-json\/wp\/v2\/pages"}],"about":[{"href":"https:\/\/www.concelloentrimo.es\/gl\/wp-json\/wp\/v2\/types\/page"}],"author":[{"embeddable":true,"href":"https:\/\/www.concelloentrimo.es\/gl\/wp-json\/wp\/v2\/users\/1"}],"replies":[{"embeddable":true,"href":"https:\/\/www.concelloentrimo.es\/gl\/wp-json\/wp\/v2\/comments?post=1923"}],"version-history":[{"count":14,"href":"https:\/\/www.concelloentrimo.es\/gl\/wp-json\/wp\/v2\/pages\/1923\/revisions"}],"predecessor-version":[{"id":2043,"href":"https:\/\/www.concelloentrimo.es\/gl\/wp-json\/wp\/v2\/pages\/1923\/revisions\/2043"}],"wp:attachment":[{"href":"https:\/\/www.concelloentrimo.es\/gl\/wp-json\/wp\/v2\/media?parent=1923"}],"curies":[{"name":"wp","href":"https:\/\/api.w.org\/{rel}","templated":true}]}}