{"id":1998,"date":"2023-09-21T08:34:58","date_gmt":"2023-09-21T08:34:58","guid":{"rendered":"https:\/\/www.concelloentrimo.es\/?page_id=1998"},"modified":"2023-09-21T08:40:14","modified_gmt":"2023-09-21T08:40:14","slug":"magosto-castrexo","status":"publish","type":"page","link":"https:\/\/www.concelloentrimo.es\/gl\/magosto-castrexo\/","title":{"rendered":"Magosto Castrexo"},"content":{"rendered":"\t\t<div data-elementor-type=\"wp-page\" data-elementor-id=\"1998\" class=\"elementor elementor-1998\" data-elementor-post-type=\"page\">\n\t\t\t\t\t\t\t\t\t<section class=\"elementor-section elementor-top-section elementor-element elementor-element-5881f20a elementor-section-full_width elementor-section-height-min-height elementor-section-height-default elementor-section-items-middle\" data-id=\"5881f20a\" data-element_type=\"section\" data-settings=\"{&quot;background_background&quot;:&quot;classic&quot;}\">\n\t\t\t\t\t\t\t<div class=\"elementor-background-overlay\"><\/div>\n\t\t\t\t\t\t\t<div class=\"elementor-container elementor-column-gap-default\">\n\t\t\t\t\t<div class=\"elementor-column elementor-col-100 elementor-top-column elementor-element elementor-element-3a274a10\" data-id=\"3a274a10\" data-element_type=\"column\">\n\t\t\t<div class=\"elementor-widget-wrap elementor-element-populated\">\n\t\t\t\t\t\t\t\t<section class=\"elementor-section elementor-inner-section elementor-element elementor-element-5cae510e elementor-section-boxed elementor-section-height-default elementor-section-height-default\" data-id=\"5cae510e\" data-element_type=\"section\">\n\t\t\t\t\t\t<div class=\"elementor-container elementor-column-gap-default\">\n\t\t\t\t\t<div class=\"elementor-column elementor-col-100 elementor-inner-column elementor-element elementor-element-61c6fd00\" data-id=\"61c6fd00\" data-element_type=\"column\">\n\t\t\t<div class=\"elementor-widget-wrap elementor-element-populated\">\n\t\t\t\t\t\t\t\t<div class=\"elementor-element elementor-element-7115f82 elementor-widget elementor-widget-heading\" data-id=\"7115f82\" data-element_type=\"widget\" data-widget_type=\"heading.default\">\n\t\t\t\t<div class=\"elementor-widget-container\">\n\t\t\t<style>\/*! elementor - v3.15.0 - 20-08-2023 *\/\n.elementor-heading-title{padding:0;margin:0;line-height:1}.elementor-widget-heading .elementor-heading-title[class*=elementor-size-]>a{color:inherit;font-size:inherit;line-height:inherit}.elementor-widget-heading .elementor-heading-title.elementor-size-small{font-size:15px}.elementor-widget-heading .elementor-heading-title.elementor-size-medium{font-size:19px}.elementor-widget-heading .elementor-heading-title.elementor-size-large{font-size:29px}.elementor-widget-heading .elementor-heading-title.elementor-size-xl{font-size:39px}.elementor-widget-heading .elementor-heading-title.elementor-size-xxl{font-size:59px}<\/style><h1 class=\"elementor-heading-title elementor-size-xxl\">Magosto Castrexo<\/h1>\t\t<\/div>\n\t\t\t\t<\/div>\n\t\t\t\t\t<\/div>\n\t\t<\/div>\n\t\t\t\t\t\t\t<\/div>\n\t\t<\/section>\n\t\t\t\t\t<\/div>\n\t\t<\/div>\n\t\t\t\t\t\t\t<\/div>\n\t\t<\/section>\n\t\t\t\t<section class=\"elementor-section elementor-top-section elementor-element elementor-element-0660139 elementor-section-boxed elementor-section-height-default elementor-section-height-default\" data-id=\"0660139\" data-element_type=\"section\">\n\t\t\t\t\t\t<div class=\"elementor-container elementor-column-gap-default\">\n\t\t\t\t\t<div class=\"elementor-column elementor-col-100 elementor-top-column elementor-element elementor-element-709fac0\" data-id=\"709fac0\" data-element_type=\"column\">\n\t\t\t<div class=\"elementor-widget-wrap elementor-element-populated\">\n\t\t\t\t\t\t\t\t<div class=\"elementor-element elementor-element-884f9f4 elementor-widget elementor-widget-text-editor\" data-id=\"884f9f4\" data-element_type=\"widget\" data-widget_type=\"text-editor.default\">\n\t\t\t\t<div class=\"elementor-widget-container\">\n\t\t\t<style>\/*! elementor - v3.15.0 - 20-08-2023 *\/\n.elementor-widget-text-editor.elementor-drop-cap-view-stacked .elementor-drop-cap{background-color:#69727d;color:#fff}.elementor-widget-text-editor.elementor-drop-cap-view-framed .elementor-drop-cap{color:#69727d;border:3px solid;background-color:transparent}.elementor-widget-text-editor:not(.elementor-drop-cap-view-default) .elementor-drop-cap{margin-top:8px}.elementor-widget-text-editor:not(.elementor-drop-cap-view-default) .elementor-drop-cap-letter{width:1em;height:1em}.elementor-widget-text-editor .elementor-drop-cap{float:left;text-align:center;line-height:1;font-size:50px}.elementor-widget-text-editor .elementor-drop-cap-letter{display:inline-block}<\/style>\t\t\t\t<p style=\"margin-bottom: 0.9rem;\">Alg\u00fans estudos relacionan os magostos co Sama\u00edn en Galicia, unha celebraci\u00f3n de orixe celta que honraba o final das colleitas e festexaba a chegada do novo ciclo anual.<\/p><p style=\"margin-bottom: 0.9rem;\">En novembro de 2022, o Concello organizou este magosto para conmemorar a festividade de San Marti\u00f1o e ligalo ao pasado castrexo de Entrimo.<\/p><p style=\"margin-bottom: 0.9rem;\">Durante unha semana realiz\u00e1ronse actividades en colaboraci\u00f3n co Colexio de Santa Mar\u00eda a Real, para que os m\u00e1is pequenos co\u00f1ecesen a historia, a contorna e a natureza do noso concello.<\/p><p style=\"margin-bottom: 0.9rem;\">As xornadas finalizaron o s\u00e1bado 12 de novembro cunha exposici\u00f3n, talleres de cer\u00e1mica castrexa, unha feira de artesan\u00eda, un concerto e a celebraci\u00f3n dun magosto popular na alameda do Campo da Feira, ao que acudiron vestidads de castrexas e castrexos as persoas asistentes. Non faltou m\u00fasica de gaiteiros, comida nin bebida. O prato estrela foi o \u201cporco ao espeto\u201d acompa\u00f1ado de chouirizos asados, bica e as tradicionais casta\u00f1as asadas.<\/p><p style=\"margin-bottom: 0.9rem;\">Tras o \u00e9xito e o interese que espertou esta primeira edici\u00f3n pret\u00e9ndese repetir o evento en\u00a0 anos vindeiros.<\/p>\t\t\t\t\t\t<\/div>\n\t\t\t\t<\/div>\n\t\t\t\t\t<\/div>\n\t\t<\/div>\n\t\t\t\t\t\t\t<\/div>\n\t\t<\/section>\n\t\t\t\t<section class=\"elementor-section elementor-top-section elementor-element elementor-element-e13ea08 elementor-section-boxed elementor-section-height-default elementor-section-height-default\" data-id=\"e13ea08\" data-element_type=\"section\">\n\t\t\t\t\t\t<div class=\"elementor-container elementor-column-gap-default\">\n\t\t\t\t\t<div class=\"elementor-column elementor-col-50 elementor-top-column elementor-element elementor-element-b895e7a\" data-id=\"b895e7a\" data-element_type=\"column\">\n\t\t\t<div class=\"elementor-widget-wrap elementor-element-populated\">\n\t\t\t\t\t\t\t\t<div class=\"elementor-element elementor-element-0da7bd3 elementor-widget elementor-widget-image\" data-id=\"0da7bd3\" data-element_type=\"widget\" data-widget_type=\"image.default\">\n\t\t\t\t<div class=\"elementor-widget-container\">\n\t\t\t<style>\/*! elementor - v3.15.0 - 20-08-2023 *\/\n.elementor-widget-image{text-align:center}.elementor-widget-image a{display:inline-block}.elementor-widget-image a img[src$=\".svg\"]{width:48px}.elementor-widget-image img{vertical-align:middle;display:inline-block}<\/style>\t\t\t\t\t\t\t\t\t\t\t\t<img decoding=\"async\" loading=\"lazy\" width=\"800\" height=\"358\" src=\"https:\/\/www.concelloentrimo.es\/wp-content\/uploads\/2022\/04\/image4-1024x458.jpg\" class=\"attachment-large size-large wp-image-1072\" alt=\"\" srcset=\"https:\/\/www.concelloentrimo.es\/wp-content\/uploads\/2022\/04\/image4-1024x458.jpg 1024w, https:\/\/www.concelloentrimo.es\/wp-content\/uploads\/2022\/04\/image4-300x134.jpg 300w, https:\/\/www.concelloentrimo.es\/wp-content\/uploads\/2022\/04\/image4-768x344.jpg 768w, https:\/\/www.concelloentrimo.es\/wp-content\/uploads\/2022\/04\/image4-1536x687.jpg 1536w, https:\/\/www.concelloentrimo.es\/wp-content\/uploads\/2022\/04\/image4.jpg 1600w\" sizes=\"(max-width: 800px) 100vw, 800px\" \/>\t\t\t\t\t\t\t\t\t\t\t\t\t\t\t<\/div>\n\t\t\t\t<\/div>\n\t\t\t\t\t<\/div>\n\t\t<\/div>\n\t\t\t\t<div class=\"elementor-column elementor-col-50 elementor-top-column elementor-element elementor-element-dafdfb0\" data-id=\"dafdfb0\" data-element_type=\"column\">\n\t\t\t<div class=\"elementor-widget-wrap elementor-element-populated\">\n\t\t\t\t\t\t\t\t<div class=\"elementor-element elementor-element-a891916 elementor-widget elementor-widget-image\" data-id=\"a891916\" data-element_type=\"widget\" data-widget_type=\"image.default\">\n\t\t\t\t<div class=\"elementor-widget-container\">\n\t\t\t\t\t\t\t\t\t\t\t\t\t\t\t<img decoding=\"async\" loading=\"lazy\" width=\"768\" height=\"1024\" src=\"https:\/\/www.concelloentrimo.es\/wp-content\/uploads\/2022\/04\/image1_1-768x1024.jpg\" class=\"attachment-large size-large wp-image-1071\" alt=\"\" srcset=\"https:\/\/www.concelloentrimo.es\/wp-content\/uploads\/2022\/04\/image1_1-768x1023.jpg 768w, https:\/\/www.concelloentrimo.es\/wp-content\/uploads\/2022\/04\/image1_1-225x300.jpg 225w, https:\/\/www.concelloentrimo.es\/wp-content\/uploads\/2022\/04\/image1_1-1153x1536.jpg 1153w, https:\/\/www.concelloentrimo.es\/wp-content\/uploads\/2022\/04\/image1_1.jpg 1500w\" sizes=\"(max-width: 768px) 100vw, 768px\" \/>\t\t\t\t\t\t\t\t\t\t\t\t\t\t\t<\/div>\n\t\t\t\t<\/div>\n\t\t\t\t\t<\/div>\n\t\t<\/div>\n\t\t\t\t\t\t\t<\/div>\n\t\t<\/section>\n\t\t\t\t\t\t\t<\/div>\n\t\t","protected":false},"excerpt":{"rendered":"<p>Magosto Castrexo Alg\u00fans estudos relacionan os magostos co Sama\u00edn en Galicia, unha celebraci\u00f3n de orixe celta que honraba o final das colleitas e festexaba a chegada do novo ciclo anual. En novembro de 2022, o Concello organizou este magosto para conmemorar a festividade de San Marti\u00f1o e ligalo ao pasado castrexo de Entrimo. Durante unha [&hellip;]<\/p>\n","protected":false},"author":1,"featured_media":0,"parent":0,"menu_order":0,"comment_status":"closed","ping_status":"closed","template":"","meta":{"footnotes":""},"acf":[],"yoast_head":"<!-- This site is optimized with the Yoast SEO plugin v21.1 - https:\/\/yoast.com\/wordpress\/plugins\/seo\/ -->\n<title>Magosto Castrexo | Concello de Entrimo<\/title>\n<meta name=\"robots\" content=\"index, follow, max-snippet:-1, max-image-preview:large, max-video-preview:-1\" \/>\n<link rel=\"canonical\" href=\"https:\/\/www.concelloentrimo.es\/magosto-castrexo\/\" \/>\n<meta property=\"og:locale\" content=\"gl_ES\" \/>\n<meta property=\"og:type\" content=\"article\" \/>\n<meta property=\"og:title\" content=\"Magosto Castrexo | Concello de Entrimo\" \/>\n<meta property=\"og:description\" content=\"Magosto Castrexo Alg\u00fans estudos relacionan os magostos co Sama\u00edn en Galicia, unha celebraci\u00f3n de orixe celta que honraba o final das colleitas e festexaba a chegada do novo ciclo anual. En novembro de 2022, o Concello organizou este magosto para conmemorar a festividade de San Marti\u00f1o e ligalo ao pasado castrexo de Entrimo. Durante unha [&hellip;]\" \/>\n<meta property=\"og:url\" content=\"https:\/\/www.concelloentrimo.es\/magosto-castrexo\/\" \/>\n<meta property=\"og:site_name\" content=\"Concello de Entrimo\" \/>\n<meta property=\"article:modified_time\" content=\"2023-09-21T08:40:14+00:00\" \/>\n<meta property=\"og:image\" content=\"https:\/\/www.concelloentrimo.es\/wp-content\/uploads\/2022\/04\/image4-1024x458.jpg\" \/>\n<meta name=\"twitter:card\" content=\"summary_large_image\" \/>\n<meta name=\"twitter:label1\" content=\"Tempo de lectura\" \/>\n\t<meta name=\"twitter:data1\" content=\"2 minutos\" \/>\n<script type=\"application\/ld+json\" class=\"yoast-schema-graph\">{\"@context\":\"https:\/\/schema.org\",\"@graph\":[{\"@type\":\"WebPage\",\"@id\":\"https:\/\/www.concelloentrimo.es\/magosto-castrexo\/\",\"url\":\"https:\/\/www.concelloentrimo.es\/magosto-castrexo\/\",\"name\":\"Magosto Castrexo | Concello de Entrimo\",\"isPartOf\":{\"@id\":\"https:\/\/www.concelloentrimo.es\/#website\"},\"datePublished\":\"2023-09-21T08:34:58+00:00\",\"dateModified\":\"2023-09-21T08:40:14+00:00\",\"breadcrumb\":{\"@id\":\"https:\/\/www.concelloentrimo.es\/magosto-castrexo\/#breadcrumb\"},\"inLanguage\":\"gl-ES\",\"potentialAction\":[{\"@type\":\"ReadAction\",\"target\":[\"https:\/\/www.concelloentrimo.es\/magosto-castrexo\/\"]}]},{\"@type\":\"BreadcrumbList\",\"@id\":\"https:\/\/www.concelloentrimo.es\/magosto-castrexo\/#breadcrumb\",\"itemListElement\":[{\"@type\":\"ListItem\",\"position\":1,\"name\":\"Portada\",\"item\":\"https:\/\/www.concelloentrimo.es\/\"},{\"@type\":\"ListItem\",\"position\":2,\"name\":\"Magosto Castrexo\"}]},{\"@type\":\"WebSite\",\"@id\":\"https:\/\/www.concelloentrimo.es\/#website\",\"url\":\"https:\/\/www.concelloentrimo.es\/\",\"name\":\"Concello de Entrimo\",\"description\":\"Toda la actualidad, servicios y noticias relacionados con el Concello de Entrimo.\",\"publisher\":{\"@id\":\"https:\/\/www.concelloentrimo.es\/#organization\"},\"potentialAction\":[{\"@type\":\"SearchAction\",\"target\":{\"@type\":\"EntryPoint\",\"urlTemplate\":\"https:\/\/www.concelloentrimo.es\/?s={search_term_string}\"},\"query-input\":\"required name=search_term_string\"}],\"inLanguage\":\"gl-ES\"},{\"@type\":\"Organization\",\"@id\":\"https:\/\/www.concelloentrimo.es\/#organization\",\"name\":\"Concello de Entrimo\",\"url\":\"https:\/\/www.concelloentrimo.es\/\",\"logo\":{\"@type\":\"ImageObject\",\"inLanguage\":\"gl-ES\",\"@id\":\"https:\/\/www.concelloentrimo.es\/#\/schema\/logo\/image\/\",\"url\":\"https:\/\/www.concelloentrimo.es\/wp-content\/uploads\/2022\/04\/escudo.png\",\"contentUrl\":\"https:\/\/www.concelloentrimo.es\/wp-content\/uploads\/2022\/04\/escudo.png\",\"width\":168,\"height\":168,\"caption\":\"Concello de Entrimo\"},\"image\":{\"@id\":\"https:\/\/www.concelloentrimo.es\/#\/schema\/logo\/image\/\"}}]}<\/script>\n<!-- \/ Yoast SEO plugin. -->","yoast_head_json":{"title":"Magosto Castrexo | Concello de Entrimo","robots":{"index":"index","follow":"follow","max-snippet":"max-snippet:-1","max-image-preview":"max-image-preview:large","max-video-preview":"max-video-preview:-1"},"canonical":"https:\/\/www.concelloentrimo.es\/magosto-castrexo\/","og_locale":"gl_ES","og_type":"article","og_title":"Magosto Castrexo | Concello de Entrimo","og_description":"Magosto Castrexo Alg\u00fans estudos relacionan os magostos co Sama\u00edn en Galicia, unha celebraci\u00f3n de orixe celta que honraba o final das colleitas e festexaba a chegada do novo ciclo anual. En novembro de 2022, o Concello organizou este magosto para conmemorar a festividade de San Marti\u00f1o e ligalo ao pasado castrexo de Entrimo. Durante unha [&hellip;]","og_url":"https:\/\/www.concelloentrimo.es\/magosto-castrexo\/","og_site_name":"Concello de Entrimo","article_modified_time":"2023-09-21T08:40:14+00:00","og_image":[{"url":"https:\/\/www.concelloentrimo.es\/wp-content\/uploads\/2022\/04\/image4-1024x458.jpg"}],"twitter_card":"summary_large_image","twitter_misc":{"Tempo de lectura":"2 minutos"},"schema":{"@context":"https:\/\/schema.org","@graph":[{"@type":"WebPage","@id":"https:\/\/www.concelloentrimo.es\/magosto-castrexo\/","url":"https:\/\/www.concelloentrimo.es\/magosto-castrexo\/","name":"Magosto Castrexo | Concello de Entrimo","isPartOf":{"@id":"https:\/\/www.concelloentrimo.es\/#website"},"datePublished":"2023-09-21T08:34:58+00:00","dateModified":"2023-09-21T08:40:14+00:00","breadcrumb":{"@id":"https:\/\/www.concelloentrimo.es\/magosto-castrexo\/#breadcrumb"},"inLanguage":"gl-ES","potentialAction":[{"@type":"ReadAction","target":["https:\/\/www.concelloentrimo.es\/magosto-castrexo\/"]}]},{"@type":"BreadcrumbList","@id":"https:\/\/www.concelloentrimo.es\/magosto-castrexo\/#breadcrumb","itemListElement":[{"@type":"ListItem","position":1,"name":"Portada","item":"https:\/\/www.concelloentrimo.es\/"},{"@type":"ListItem","position":2,"name":"Magosto Castrexo"}]},{"@type":"WebSite","@id":"https:\/\/www.concelloentrimo.es\/#website","url":"https:\/\/www.concelloentrimo.es\/","name":"Concello de Entrimo","description":"Toda la actualidad, servicios y noticias relacionados con el Concello de Entrimo.","publisher":{"@id":"https:\/\/www.concelloentrimo.es\/#organization"},"potentialAction":[{"@type":"SearchAction","target":{"@type":"EntryPoint","urlTemplate":"https:\/\/www.concelloentrimo.es\/?s={search_term_string}"},"query-input":"required name=search_term_string"}],"inLanguage":"gl-ES"},{"@type":"Organization","@id":"https:\/\/www.concelloentrimo.es\/#organization","name":"Concello de Entrimo","url":"https:\/\/www.concelloentrimo.es\/","logo":{"@type":"ImageObject","inLanguage":"gl-ES","@id":"https:\/\/www.concelloentrimo.es\/#\/schema\/logo\/image\/","url":"https:\/\/www.concelloentrimo.es\/wp-content\/uploads\/2022\/04\/escudo.png","contentUrl":"https:\/\/www.concelloentrimo.es\/wp-content\/uploads\/2022\/04\/escudo.png","width":168,"height":168,"caption":"Concello de Entrimo"},"image":{"@id":"https:\/\/www.concelloentrimo.es\/#\/schema\/logo\/image\/"}}]}},"_links":{"self":[{"href":"https:\/\/www.concelloentrimo.es\/gl\/wp-json\/wp\/v2\/pages\/1998"}],"collection":[{"href":"https:\/\/www.concelloentrimo.es\/gl\/wp-json\/wp\/v2\/pages"}],"about":[{"href":"https:\/\/www.concelloentrimo.es\/gl\/wp-json\/wp\/v2\/types\/page"}],"author":[{"embeddable":true,"href":"https:\/\/www.concelloentrimo.es\/gl\/wp-json\/wp\/v2\/users\/1"}],"replies":[{"embeddable":true,"href":"https:\/\/www.concelloentrimo.es\/gl\/wp-json\/wp\/v2\/comments?post=1998"}],"version-history":[{"count":7,"href":"https:\/\/www.concelloentrimo.es\/gl\/wp-json\/wp\/v2\/pages\/1998\/revisions"}],"predecessor-version":[{"id":2012,"href":"https:\/\/www.concelloentrimo.es\/gl\/wp-json\/wp\/v2\/pages\/1998\/revisions\/2012"}],"wp:attachment":[{"href":"https:\/\/www.concelloentrimo.es\/gl\/wp-json\/wp\/v2\/media?parent=1998"}],"curies":[{"name":"wp","href":"https:\/\/api.w.org\/{rel}","templated":true}]}}